{"id":1117,"date":"2019-07-25T07:08:16","date_gmt":"2019-07-25T07:08:16","guid":{"rendered":"https:\/\/nmsorth.ac.at\/?page_id=1117"},"modified":"2025-12-15T10:38:03","modified_gmt":"2025-12-15T10:38:03","slug":"bisherige-buergermeiste","status":"publish","type":"page","link":"https:\/\/nmsorth.ac.at\/?page_id=1117","title":{"rendered":"Schulleitung"},"content":{"rendered":"<div class=\"wpb-content-wrapper\"><p>[vc_row][vc_column][vc_column_text css=&#8220;&#8220;]Liebe Sch\u00fclerinnen und Sch\u00fcler!<\/p>\n<p>Sehr geehrte Eltern und Erziehungsberechtigte!<\/p>\n<p>Sehr geehrte Besucherinnen und Besucher unserer Homepage!<\/p>\n<p>&nbsp;<\/p>\n<p>Ein herzliches Willkommen auf der Homepage der N\u00d6 Informatik Mittelschule Orth\/D.!<\/p>\n<p>&nbsp;<\/p>\n<p>Mein Name ist Ingrid Rohringer und ich bin seit dem Schuljahr 2020\/21 mit der Leitung der N\u00d6 Informatik Mittelschule Orth\/D. betraut.<\/p>\n<p><img loading=\"lazy\" decoding=\"async\" class=\"alignnone wp-image-13056\" src=\"https:\/\/nmsorth.ac.at\/wp-content\/uploads\/2025\/12\/DSC_4467-683x1024.jpg\" alt=\"\" width=\"206\" height=\"309\" srcset=\"https:\/\/nmsorth.ac.at\/wp-content\/uploads\/2025\/12\/DSC_4467-683x1024.jpg 683w, https:\/\/nmsorth.ac.at\/wp-content\/uploads\/2025\/12\/DSC_4467-200x300.jpg 200w, https:\/\/nmsorth.ac.at\/wp-content\/uploads\/2025\/12\/DSC_4467-768x1152.jpg 768w, https:\/\/nmsorth.ac.at\/wp-content\/uploads\/2025\/12\/DSC_4467-1024x1536.jpg 1024w, https:\/\/nmsorth.ac.at\/wp-content\/uploads\/2025\/12\/DSC_4467-1365x2048.jpg 1365w, https:\/\/nmsorth.ac.at\/wp-content\/uploads\/2025\/12\/DSC_4467-scaled.jpg 1707w\" sizes=\"auto, (max-width: 206px) 100vw, 206px\" \/><\/p>\n<p>Schule ist f\u00fcr mich ein Ort,<\/p>\n<ul>\n<li>den alle am Schulleben Beteiligten gerne aufsuchen,<\/li>\n<li>an dem sich jeder wohl, sicher und respektiert f\u00fchlt,<\/li>\n<li>an dem jeder sich entfalten, die individuellen Potentiale und Ideen entwickeln kann,<\/li>\n<li>an dem kritisch, aber wertsch\u00e4tzend diskutiert wird,<\/li>\n<li>der jede\/n Einzelne\/n dazu anregt, Verantwortung f\u00fcr sich und die Gemeinschaft zu \u00fcbernehmen.<\/li>\n<\/ul>\n<p>&nbsp;<\/p>\n<p>Damit dies gelingt, ist es vor allem wichtig, mit Sch\u00fclerinnen und Sch\u00fclern, Eltern, Erziehungsberechtigten, sowie den Kolleginnen und Kollegen vertrauensvoll und offen zusammenzuarbeiten, um den erreichten Standard der Unterrichtsarbeit zu erhalten und weiterzuentwickeln sowie neue Herausforderungen gemeinsam zu meistern.<\/p>\n<p>&nbsp;<\/p>\n<p>Seit dem Schuljahr 2023\/24 k\u00f6nnen wir unser neu saniertes Schulhaus in vollem Umfang nutzen und es ist eine Freude, t\u00e4glich Zeit in diesem wunderbaren Geb\u00e4ude zu verbringen. Auch k\u00f6nnen wir nun die phantastische Ausstattung nutzen und damit unseren Informatik-Schwerpunkt neu beleben.<\/p>\n<p>&nbsp;<\/p>\n<p>Ich freue mich auf die Zusammenarbeit mit euch\/Ihnen und auf viele Begegnungen \u2013 sei es im schulischen Alltag, in den schulischen Gremien, bei Schulfesten und Sportveranstaltungen, sowie bei Elternsprechtagen, Elternabenden oder anderen Anl\u00e4ssen.<\/p>\n<p>&nbsp;<\/p>\n<p>Mit freundlichen Gr\u00fc\u00dfen<br \/>\nIngrid Rohringer, MEd BEd BEd[\/vc_column_text][\/vc_column][\/vc_row]<\/p>\n<\/div>","protected":false},"excerpt":{"rendered":"<p>[vc_row][vc_column][vc_column_text css=&#8220;&#8220;]Liebe Sch\u00fclerinnen und Sch\u00fcler! Sehr geehrte Eltern und Erziehungsberechtigte! Sehr geehrte Besucherinnen und Besucher unserer Homepage! &nbsp; Ein herzliches Willkommen auf der Homepage der N\u00d6 Informatik Mittelschule Orth\/D.! &nbsp; Mein Name ist Ingrid Rohringer und ich bin seit dem Schuljahr 2020\/21 mit der Leitung der N\u00d6 Informatik Mittelschule Orth\/D. betraut. Schule ist f\u00fcr mich&hellip;<\/p>\n","protected":false},"author":1,"featured_media":0,"parent":0,"menu_order":0,"comment_status":"closed","ping_status":"closed","template":"","meta":{"ngg_post_thumbnail":0,"footnotes":""},"class_list":["post-1117","page","type-page","status-publish","hentry","description-off"],"_links":{"self":[{"href":"https:\/\/nmsorth.ac.at\/index.php?rest_route=\/wp\/v2\/pages\/1117","targetHints":{"allow":["GET"]}}],"collection":[{"href":"https:\/\/nmsorth.ac.at\/index.php?rest_route=\/wp\/v2\/pages"}],"about":[{"href":"https:\/\/nmsorth.ac.at\/index.php?rest_route=\/wp\/v2\/types\/page"}],"author":[{"embeddable":true,"href":"https:\/\/nmsorth.ac.at\/index.php?rest_route=\/wp\/v2\/users\/1"}],"replies":[{"embeddable":true,"href":"https:\/\/nmsorth.ac.at\/index.php?rest_route=%2Fwp%2Fv2%2Fcomments&post=1117"}],"version-history":[{"count":26,"href":"https:\/\/nmsorth.ac.at\/index.php?rest_route=\/wp\/v2\/pages\/1117\/revisions"}],"predecessor-version":[{"id":13058,"href":"https:\/\/nmsorth.ac.at\/index.php?rest_route=\/wp\/v2\/pages\/1117\/revisions\/13058"}],"wp:attachment":[{"href":"https:\/\/nmsorth.ac.at\/index.php?rest_route=%2Fwp%2Fv2%2Fmedia&parent=1117"}],"curies":[{"name":"wp","href":"https:\/\/api.w.org\/{rel}","templated":true}]}}