{"id":5504,"date":"2022-04-08T05:58:48","date_gmt":"2022-04-08T05:58:48","guid":{"rendered":"https:\/\/nmsorth.ac.at\/?page_id=5504"},"modified":"2025-12-15T10:33:15","modified_gmt":"2025-12-15T10:33:15","slug":"schulwart","status":"publish","type":"page","link":"https:\/\/nmsorth.ac.at\/?page_id=5504","title":{"rendered":"Schulwartteam und Reinigung"},"content":{"rendered":"<div class=\"wpb-content-wrapper\"><p>[vc_row][vc_column][vc_column_text css=&#8220;&#8220;]<\/p>\n<p dir=\"ltr\">&nbsp;<\/p>\n<p dir=\"ltr\"><img loading=\"lazy\" decoding=\"async\" class=\"alignnone wp-image-13052\" src=\"https:\/\/nmsorth.ac.at\/wp-content\/uploads\/2025\/12\/DSC_4503-683x1024.jpg\" alt=\"\" width=\"225\" height=\"337\" srcset=\"https:\/\/nmsorth.ac.at\/wp-content\/uploads\/2025\/12\/DSC_4503-683x1024.jpg 683w, https:\/\/nmsorth.ac.at\/wp-content\/uploads\/2025\/12\/DSC_4503-200x300.jpg 200w, https:\/\/nmsorth.ac.at\/wp-content\/uploads\/2025\/12\/DSC_4503-768x1152.jpg 768w, https:\/\/nmsorth.ac.at\/wp-content\/uploads\/2025\/12\/DSC_4503-1024x1536.jpg 1024w, https:\/\/nmsorth.ac.at\/wp-content\/uploads\/2025\/12\/DSC_4503-1365x2048.jpg 1365w, https:\/\/nmsorth.ac.at\/wp-content\/uploads\/2025\/12\/DSC_4503-scaled.jpg 1707w\" sizes=\"auto, (max-width: 225px) 100vw, 225px\" \/> &nbsp; <img loading=\"lazy\" decoding=\"async\" class=\"alignnone wp-image-13053\" src=\"https:\/\/nmsorth.ac.at\/wp-content\/uploads\/2025\/12\/DSC_4384-683x1024.jpg\" alt=\"\" width=\"225\" height=\"337\" srcset=\"https:\/\/nmsorth.ac.at\/wp-content\/uploads\/2025\/12\/DSC_4384-683x1024.jpg 683w, https:\/\/nmsorth.ac.at\/wp-content\/uploads\/2025\/12\/DSC_4384-200x300.jpg 200w, https:\/\/nmsorth.ac.at\/wp-content\/uploads\/2025\/12\/DSC_4384-768x1152.jpg 768w, https:\/\/nmsorth.ac.at\/wp-content\/uploads\/2025\/12\/DSC_4384-1024x1536.jpg 1024w, https:\/\/nmsorth.ac.at\/wp-content\/uploads\/2025\/12\/DSC_4384-1365x2048.jpg 1365w, https:\/\/nmsorth.ac.at\/wp-content\/uploads\/2025\/12\/DSC_4384-scaled.jpg 1707w\" sizes=\"auto, (max-width: 225px) 100vw, 225px\" \/><\/p>\n<p dir=\"ltr\" style=\"text-align: left;\">Roland Macher und Clemens Leitner sind f\u00fcr die Instandhaltung und Sauberkeit des Schulgeb\u00e4udes und &#8211; gel\u00e4ndes zust\u00e4ndig, auch hat er immer ein offenes Ohr f\u00fcr die Anliegen der Sch\u00fcler*innen, Lehrer*innen und der Mittelschulgemeinde.<\/p>\n<p dir=\"ltr\"><img loading=\"lazy\" decoding=\"async\" class=\"alignnone wp-image-13054\" src=\"https:\/\/nmsorth.ac.at\/wp-content\/uploads\/2025\/12\/DSC_4441-683x1024.jpg\" alt=\"\" width=\"216\" height=\"324\" srcset=\"https:\/\/nmsorth.ac.at\/wp-content\/uploads\/2025\/12\/DSC_4441-683x1024.jpg 683w, https:\/\/nmsorth.ac.at\/wp-content\/uploads\/2025\/12\/DSC_4441-200x300.jpg 200w, https:\/\/nmsorth.ac.at\/wp-content\/uploads\/2025\/12\/DSC_4441-768x1152.jpg 768w, https:\/\/nmsorth.ac.at\/wp-content\/uploads\/2025\/12\/DSC_4441-1024x1536.jpg 1024w, https:\/\/nmsorth.ac.at\/wp-content\/uploads\/2025\/12\/DSC_4441-1365x2048.jpg 1365w, https:\/\/nmsorth.ac.at\/wp-content\/uploads\/2025\/12\/DSC_4441-scaled.jpg 1707w\" sizes=\"auto, (max-width: 216px) 100vw, 216px\" \/><\/p>\n<p dir=\"ltr\">Frau Bisa Petrovic erfreut uns t\u00e4glichen mit ihrer fr\u00f6hlichen Art und unterst\u00fctzt den Schulwart indem sie f\u00fcr ein sauberes Schulhaus sorgt.<\/p>\n<p>[\/vc_column_text][\/vc_column][\/vc_row]<\/p>\n<\/div>","protected":false},"excerpt":{"rendered":"<p>[vc_row][vc_column][vc_column_text css=&#8220;&#8220;] &nbsp; &nbsp; Roland Macher und Clemens Leitner sind f\u00fcr die Instandhaltung und Sauberkeit des Schulgeb\u00e4udes und &#8211; gel\u00e4ndes zust\u00e4ndig, auch hat er immer ein offenes Ohr f\u00fcr die Anliegen der Sch\u00fcler*innen, Lehrer*innen und der Mittelschulgemeinde. Frau Bisa Petrovic erfreut uns t\u00e4glichen mit ihrer fr\u00f6hlichen Art und unterst\u00fctzt den Schulwart indem sie f\u00fcr ein&hellip;<\/p>\n","protected":false},"author":1,"featured_media":0,"parent":0,"menu_order":0,"comment_status":"closed","ping_status":"closed","template":"","meta":{"ngg_post_thumbnail":0,"footnotes":""},"class_list":["post-5504","page","type-page","status-publish","hentry","description-off"],"_links":{"self":[{"href":"https:\/\/nmsorth.ac.at\/index.php?rest_route=\/wp\/v2\/pages\/5504","targetHints":{"allow":["GET"]}}],"collection":[{"href":"https:\/\/nmsorth.ac.at\/index.php?rest_route=\/wp\/v2\/pages"}],"about":[{"href":"https:\/\/nmsorth.ac.at\/index.php?rest_route=\/wp\/v2\/types\/page"}],"author":[{"embeddable":true,"href":"https:\/\/nmsorth.ac.at\/index.php?rest_route=\/wp\/v2\/users\/1"}],"replies":[{"embeddable":true,"href":"https:\/\/nmsorth.ac.at\/index.php?rest_route=%2Fwp%2Fv2%2Fcomments&post=5504"}],"version-history":[{"count":22,"href":"https:\/\/nmsorth.ac.at\/index.php?rest_route=\/wp\/v2\/pages\/5504\/revisions"}],"predecessor-version":[{"id":13055,"href":"https:\/\/nmsorth.ac.at\/index.php?rest_route=\/wp\/v2\/pages\/5504\/revisions\/13055"}],"wp:attachment":[{"href":"https:\/\/nmsorth.ac.at\/index.php?rest_route=%2Fwp%2Fv2%2Fmedia&parent=5504"}],"curies":[{"name":"wp","href":"https:\/\/api.w.org\/{rel}","templated":true}]}}