{"id":5511,"date":"2022-04-08T06:00:39","date_gmt":"2022-04-08T06:00:39","guid":{"rendered":"https:\/\/nmsorth.ac.at\/?page_id=5511"},"modified":"2025-12-15T09:45:08","modified_gmt":"2025-12-15T09:45:08","slug":"schulsprecher","status":"publish","type":"page","link":"https:\/\/nmsorth.ac.at\/?page_id=5511","title":{"rendered":"Schulsprecher*in"},"content":{"rendered":"<div class=\"wpb-content-wrapper\"><p>[vc_row][vc_column][vc_column_text css=&#8220;&#8220;]<span style=\"font-size: 14pt;\"><strong>Unser Schulsprecher*innenteam im Schuljahr 2025\/26:<\/strong><\/span><\/p>\n<p>Schulsprecherin: BARNET Lena (4a)<\/p>\n<p>Stellvertreter: WINDISCH Stefan (4b)<\/p>\n<p><img loading=\"lazy\" decoding=\"async\" class=\"alignnone wp-image-12999\" src=\"https:\/\/nmsorth.ac.at\/wp-content\/uploads\/2025\/12\/IMG_0846-1.jpeg\" alt=\"\" width=\"303\" height=\"278\" srcset=\"https:\/\/nmsorth.ac.at\/wp-content\/uploads\/2025\/12\/IMG_0846-1.jpeg 745w, https:\/\/nmsorth.ac.at\/wp-content\/uploads\/2025\/12\/IMG_0846-1-300x276.jpeg 300w\" sizes=\"auto, (max-width: 303px) 100vw, 303px\" \/><\/p>\n<p>&nbsp;<\/p>\n<p><span style=\"font-size: 10pt;\"><strong>Unser Schulsprecher*innenteam im Schuljahr 2024\/25:<\/strong><\/span><\/p>\n<p><span style=\"font-size: 10pt;\">Schulsprecherin: TOUBI Ghada (4a)<\/span><\/p>\n<p><span style=\"font-size: 10pt;\">Stellvertreter: BAUER Liam (4b)<\/span><\/p>\n<p>&nbsp;<\/p>\n<p><span style=\"font-size: 10pt;\"><strong>Unser Schulsprecher*innenteam im Sc<\/strong><strong>huljahr 2023\/24:<\/strong><\/span><\/p>\n<p><span style=\"font-size: 10pt;\">Schulsprecherin: Jana Raschovsky, 4a (links im Bild)<\/span><\/p>\n<p><span style=\"font-size: 10pt;\">Stellvertreterin: Sofija Balaneskovic, 4a (rechts im Bild)<\/span><\/p>\n<p><span style=\"font-size: 10pt;\"><img loading=\"lazy\" decoding=\"async\" class=\"alignnone wp-image-9789 \" src=\"https:\/\/nmsorth.ac.at\/wp-content\/uploads\/2024\/03\/Schulsprecherinnen-2023-24-768x1024.jpg\" alt=\"\" width=\"313\" height=\"417\" srcset=\"https:\/\/nmsorth.ac.at\/wp-content\/uploads\/2024\/03\/Schulsprecherinnen-2023-24-768x1024.jpg 768w, https:\/\/nmsorth.ac.at\/wp-content\/uploads\/2024\/03\/Schulsprecherinnen-2023-24-225x300.jpg 225w, https:\/\/nmsorth.ac.at\/wp-content\/uploads\/2024\/03\/Schulsprecherinnen-2023-24-300x400.jpg 300w, https:\/\/nmsorth.ac.at\/wp-content\/uploads\/2024\/03\/Schulsprecherinnen-2023-24-1152x1536.jpg 1152w, https:\/\/nmsorth.ac.at\/wp-content\/uploads\/2024\/03\/Schulsprecherinnen-2023-24-rotated.jpg 1512w\" sizes=\"auto, (max-width: 313px) 100vw, 313px\" \/><\/span><\/p>\n<p>&nbsp;<\/p>\n<p><span style=\"font-size: 10pt;\"><strong>Unser Schulsprecherteam im Schuljahr 2022\/23:<\/strong><\/span><\/p>\n<p><span style=\"font-size: 10pt;\">Schulsprecher: Julian Hederer, 4b<br \/>\n<\/span><\/p>\n<p><span style=\"font-size: 10pt;\">Stellvertreter: Marc Retzl, 4a<br \/>\n<\/span><\/p>\n<p><span style=\"font-size: 10pt;\"><img loading=\"lazy\" decoding=\"async\" class=\"alignnone size-medium wp-image-7161\" src=\"https:\/\/nmsorth.ac.at\/wp-content\/uploads\/2022\/10\/Schulsprecher-kl.-300x284.jpg\" alt=\"\" width=\"300\" height=\"284\" srcset=\"https:\/\/nmsorth.ac.at\/wp-content\/uploads\/2022\/10\/Schulsprecher-kl.-300x284.jpg 300w, https:\/\/nmsorth.ac.at\/wp-content\/uploads\/2022\/10\/Schulsprecher-kl.-1024x968.jpg 1024w, https:\/\/nmsorth.ac.at\/wp-content\/uploads\/2022\/10\/Schulsprecher-kl.-768x726.jpg 768w, https:\/\/nmsorth.ac.at\/wp-content\/uploads\/2022\/10\/Schulsprecher-kl..jpg 1511w\" sizes=\"auto, (max-width: 300px) 100vw, 300px\" \/><\/span><\/p>\n<p><span style=\"font-size: 10pt;\"><em>Marc Retzl und Julian Hederer<\/em><\/span><\/p>\n<p><span style=\"font-size: 10pt;\">&#8222;Es freut uns sehr, dass uns die Sch\u00fcler*innen zu ihren Schulsprechern gew\u00e4hlt haben. Wir werden uns bem\u00fchen die Schule und die Anliegen der Sch\u00fcler*innen bestm\u00f6glich zu vertreten. Die Schule soll ein noch besserer Ort werden, ein Ort an dem neben dem Lernen auch der Spa\u00df wichtig ist.&#8220;<\/span>[\/vc_column_text][\/vc_column][\/vc_row]<\/p>\n<\/div>","protected":false},"excerpt":{"rendered":"<p>[vc_row][vc_column][vc_column_text css=&#8220;&#8220;]Unser Schulsprecher*innenteam im Schuljahr 2025\/26: Schulsprecherin: BARNET Lena (4a) Stellvertreter: WINDISCH Stefan (4b) &nbsp; Unser Schulsprecher*innenteam im Schuljahr 2024\/25: Schulsprecherin: TOUBI Ghada (4a) Stellvertreter: BAUER Liam (4b) &nbsp; Unser Schulsprecher*innenteam im Schuljahr 2023\/24: Schulsprecherin: Jana Raschovsky, 4a (links im Bild) Stellvertreterin: Sofija Balaneskovic, 4a (rechts im Bild) &nbsp; Unser Schulsprecherteam im Schuljahr 2022\/23: Schulsprecher:&hellip;<\/p>\n","protected":false},"author":1,"featured_media":0,"parent":0,"menu_order":0,"comment_status":"closed","ping_status":"closed","template":"","meta":{"ngg_post_thumbnail":0,"footnotes":""},"class_list":["post-5511","page","type-page","status-publish","hentry","description-off"],"_links":{"self":[{"href":"https:\/\/nmsorth.ac.at\/index.php?rest_route=\/wp\/v2\/pages\/5511","targetHints":{"allow":["GET"]}}],"collection":[{"href":"https:\/\/nmsorth.ac.at\/index.php?rest_route=\/wp\/v2\/pages"}],"about":[{"href":"https:\/\/nmsorth.ac.at\/index.php?rest_route=\/wp\/v2\/types\/page"}],"author":[{"embeddable":true,"href":"https:\/\/nmsorth.ac.at\/index.php?rest_route=\/wp\/v2\/users\/1"}],"replies":[{"embeddable":true,"href":"https:\/\/nmsorth.ac.at\/index.php?rest_route=%2Fwp%2Fv2%2Fcomments&post=5511"}],"version-history":[{"count":19,"href":"https:\/\/nmsorth.ac.at\/index.php?rest_route=\/wp\/v2\/pages\/5511\/revisions"}],"predecessor-version":[{"id":13001,"href":"https:\/\/nmsorth.ac.at\/index.php?rest_route=\/wp\/v2\/pages\/5511\/revisions\/13001"}],"wp:attachment":[{"href":"https:\/\/nmsorth.ac.at\/index.php?rest_route=%2Fwp%2Fv2%2Fmedia&parent=5511"}],"curies":[{"name":"wp","href":"https:\/\/api.w.org\/{rel}","templated":true}]}}