{"id":5554,"date":"2022-04-08T06:27:36","date_gmt":"2022-04-08T06:27:36","guid":{"rendered":"https:\/\/nmsorth.ac.at\/?page_id=5554"},"modified":"2023-04-13T11:50:38","modified_gmt":"2023-04-13T11:50:38","slug":"schulpartner","status":"publish","type":"page","link":"https:\/\/nmsorth.ac.at\/?page_id=5554","title":{"rendered":"Schulpartner"},"content":{"rendered":"<p>Damit Unterricht \u00fcberhaupt stattfinden kann, ist ein Schulhaus notwendig. F\u00fcr dieses, sowie deren Erhaltung ist die <strong>Mittelschulgemeinde<\/strong> zust\u00e4ndig.<\/p>\n<p>Unsere Mittelschulgemeinde besteht aus den Gemeinden Andlersdorf, Eckartsau, Haringsee, Mannsdorf und Orth. Unseren Schulgemeinden ist die Bildung ihrer Kinder ein wichtiges Anliegen.<\/p>\n<p>Die Schulgemeindeobfrau ist Mag. Elisabeth Wagnes.<\/p>\n<p>&nbsp;<\/p>\n<p>Engagierte Eltern unterst\u00fctzen uns im Rahmen des <strong>Elternvereins<\/strong> &#8222;Team for Kids&#8220;.<\/p>\n<p>&nbsp;<\/p>\n<p><strong>Au\u00dferschulische Kooperationen<\/strong> bringen Abwechslung in den Schulalltag und erm\u00f6glichen eine Vielzahl an Projekten und Unternehmungen.<\/p>\n<p>&nbsp;<\/p>\n<p>Die <strong>Schulbeh\u00f6rde<\/strong> unterst\u00fctzt uns in allen schulischen Belangen.<\/p>\n","protected":false},"excerpt":{"rendered":"<p>Damit Unterricht \u00fcberhaupt stattfinden kann, ist ein Schulhaus notwendig. F\u00fcr dieses, sowie deren Erhaltung ist die Mittelschulgemeinde zust\u00e4ndig. Unsere Mittelschulgemeinde besteht aus den Gemeinden Andlersdorf, Eckartsau, Haringsee, Mannsdorf und Orth. Unseren Schulgemeinden ist die Bildung ihrer Kinder ein wichtiges Anliegen. Die Schulgemeindeobfrau ist Mag. Elisabeth Wagnes. &nbsp; Engagierte Eltern unterst\u00fctzen uns im Rahmen des Elternvereins&hellip;<\/p>\n","protected":false},"author":1,"featured_media":0,"parent":0,"menu_order":0,"comment_status":"closed","ping_status":"closed","template":"","meta":{"ngg_post_thumbnail":0,"footnotes":""},"class_list":["post-5554","page","type-page","status-publish","hentry","description-off"],"_links":{"self":[{"href":"https:\/\/nmsorth.ac.at\/index.php?rest_route=\/wp\/v2\/pages\/5554","targetHints":{"allow":["GET"]}}],"collection":[{"href":"https:\/\/nmsorth.ac.at\/index.php?rest_route=\/wp\/v2\/pages"}],"about":[{"href":"https:\/\/nmsorth.ac.at\/index.php?rest_route=\/wp\/v2\/types\/page"}],"author":[{"embeddable":true,"href":"https:\/\/nmsorth.ac.at\/index.php?rest_route=\/wp\/v2\/users\/1"}],"replies":[{"embeddable":true,"href":"https:\/\/nmsorth.ac.at\/index.php?rest_route=%2Fwp%2Fv2%2Fcomments&post=5554"}],"version-history":[{"count":7,"href":"https:\/\/nmsorth.ac.at\/index.php?rest_route=\/wp\/v2\/pages\/5554\/revisions"}],"predecessor-version":[{"id":8284,"href":"https:\/\/nmsorth.ac.at\/index.php?rest_route=\/wp\/v2\/pages\/5554\/revisions\/8284"}],"wp:attachment":[{"href":"https:\/\/nmsorth.ac.at\/index.php?rest_route=%2Fwp%2Fv2%2Fmedia&parent=5554"}],"curies":[{"name":"wp","href":"https:\/\/api.w.org\/{rel}","templated":true}]}}