{"id":5560,"date":"2022-04-08T06:30:32","date_gmt":"2022-04-08T06:30:32","guid":{"rendered":"https:\/\/nmsorth.ac.at\/?page_id=5560"},"modified":"2022-06-05T09:19:42","modified_gmt":"2022-06-05T09:19:42","slug":"schulbehoerde","status":"publish","type":"page","link":"https:\/\/nmsorth.ac.at\/?page_id=5560","title":{"rendered":"Schulbeh\u00f6rde"},"content":{"rendered":"<div>\n<p><u><a title=\"\" href=\"https:\/\/www.bildung-noe.gv.at\/Bildungsregionen\/Bildungsregion-2---Mistelbach.html\">Bildungsdirektion Nieder\u00f6sterreich Au\u00dfenstelle Mistelbach<\/a><\/u><\/p>\n<p>&nbsp;<\/p>\n<p><u><a title=\"\" href=\"http:\/\/www.lsr-noe.gv.at\/\"><br \/>\nBildungsdirektion Nieder\u00f6sterreich<\/a><\/u><\/p>\n<p>&nbsp;<\/p>\n<p><u><a href=\"https:\/\/www.bmbwf.gv.at\/\"><br \/>\nBundesministerium f\u00fcr Bildung, Wissenschaft und Forschung<\/a><\/u><\/p>\n<\/div>\n","protected":false},"excerpt":{"rendered":"<p>Bildungsdirektion Nieder\u00f6sterreich Au\u00dfenstelle Mistelbach &nbsp; Bildungsdirektion Nieder\u00f6sterreich &nbsp; Bundesministerium f\u00fcr Bildung, Wissenschaft und Forschung<\/p>\n","protected":false},"author":1,"featured_media":0,"parent":0,"menu_order":0,"comment_status":"closed","ping_status":"closed","template":"","meta":{"ngg_post_thumbnail":0,"footnotes":""},"class_list":["post-5560","page","type-page","status-publish","hentry","description-off"],"_links":{"self":[{"href":"https:\/\/nmsorth.ac.at\/index.php?rest_route=\/wp\/v2\/pages\/5560","targetHints":{"allow":["GET"]}}],"collection":[{"href":"https:\/\/nmsorth.ac.at\/index.php?rest_route=\/wp\/v2\/pages"}],"about":[{"href":"https:\/\/nmsorth.ac.at\/index.php?rest_route=\/wp\/v2\/types\/page"}],"author":[{"embeddable":true,"href":"https:\/\/nmsorth.ac.at\/index.php?rest_route=\/wp\/v2\/users\/1"}],"replies":[{"embeddable":true,"href":"https:\/\/nmsorth.ac.at\/index.php?rest_route=%2Fwp%2Fv2%2Fcomments&post=5560"}],"version-history":[{"count":3,"href":"https:\/\/nmsorth.ac.at\/index.php?rest_route=\/wp\/v2\/pages\/5560\/revisions"}],"predecessor-version":[{"id":6073,"href":"https:\/\/nmsorth.ac.at\/index.php?rest_route=\/wp\/v2\/pages\/5560\/revisions\/6073"}],"wp:attachment":[{"href":"https:\/\/nmsorth.ac.at\/index.php?rest_route=%2Fwp%2Fv2%2Fmedia&parent=5560"}],"curies":[{"name":"wp","href":"https:\/\/api.w.org\/{rel}","templated":true}]}}