{"id":5567,"date":"2022-04-08T06:32:35","date_gmt":"2022-04-08T06:32:35","guid":{"rendered":"https:\/\/nmsorth.ac.at\/?page_id=5567"},"modified":"2025-12-15T09:03:25","modified_gmt":"2025-12-15T09:03:25","slug":"anmeldung","status":"publish","type":"page","link":"https:\/\/nmsorth.ac.at\/?page_id=5567","title":{"rendered":"Anmeldung"},"content":{"rendered":"<div class=\"wpb-content-wrapper\"><p>[vc_row][vc_column][vc_column_text css=&#8220;&#8220;]<\/p>\n<p class=\"x_MsoNormal\"><span style=\"font-size: 14pt;\"><b><span lang=\"DE-AT\">Anmeldung f\u00fcr das Schuljahr 2026\/27<\/span><\/b><\/span><\/p>\n<p>&nbsp;<\/p>\n<p>Unser Schulsprengel umfasst die Gemeinden Andlersdorf, Eckartsau, Haringsee, Mannsdorf und Orth\/D.<\/p>\n<p>&nbsp;<\/p>\n<p class=\"x_MsoNormal\"><span lang=\"DE-AT\">Anmeldezeitraum f\u00fcr den Schulbesuch im Schuljahr 2026\/27: <span style=\"font-size: 14pt;\"><strong>9.2.2026<\/strong><b> bis 20.02.2026<\/b><\/span><br \/>\n<\/span><\/p>\n<p>&nbsp;<\/p>\n<p>Folgende Anmeldem\u00f6glichkeiten gibt es:<\/p>\n<p><span lang=\"DE-AT\">&nbsp;&nbsp;&nbsp;&nbsp;&nbsp; 1. die Unterlagen in unseren Postkasten einwerfen oder<\/span><\/p>\n<p><span lang=\"DE-AT\">&nbsp; &nbsp;<\/span><span lang=\"DE-AT\"> &nbsp; 2. sollte ein pers\u00f6nliches Gespr\u00e4ch gew\u00fcnscht werden, bitte um Terminvereinbarung unter 02212\/2395 von 7:30-13:30 Uhr<\/span><\/p>\n<p>&nbsp;<\/p>\n<p class=\"x_MsoNormal\"><b><span lang=\"DE-AT\">Folgende Unterlagen bitte \u00fcbermitteln\/mitbringen:<\/span><\/b><\/p>\n<ol start=\"1\" type=\"1\">\n<li class=\"x_MsoNormal\"><span lang=\"DE-AT\">Schulnachricht im Original (wird nach der Anmeldefrist retourniert)<\/span><\/li>\n<li class=\"x_MsoNormal\">Meldezettel (Kopie)<\/li>\n<li>E-Card (Kopie)<\/li>\n<li class=\"x_MsoNormal\">Anmeldeformular (Download) &nbsp; &nbsp; &nbsp; &nbsp; &nbsp; &nbsp; &nbsp; &nbsp; &nbsp;&nbsp;<\/li>\n<\/ol>\n<p>&nbsp;<\/p>\n<p><span style=\"text-decoration: underline;\">sprengelfremder Schulbesuch<\/span><\/p>\n<ul>\n<li>Abgabe einer schriftliche Begr\u00fcndung warum die N\u00d6 IMS Orth\/D. als Schule gew\u00e4hlt wird.<\/li>\n<li>Vereinbarung eines pers\u00f6nlichen Anmeldetermines<\/li>\n<\/ul>\n<p>&nbsp;<\/p>\n<p>F\u00fcr Fragen steht das Team der Mittelschule Orth\/D. gerne telefonisch f\u00fcr Ausk\u00fcnfte zur Verf\u00fcgung (02212\/2395).<\/p>\n<p>&nbsp;<\/p>\n<p><a href=\"https:\/\/nmsorth.ac.at\/wp-content\/uploads\/2025\/12\/Schulanmeldung_26-27.pdf\">Formular &#8222;Schulanmeldung 2026\/27&#8220;<\/a><\/p>\n<p>Interessensbekundung Nachmittagsbetreuung 2026\/27 &#8211; Formular folgt!<\/p>\n<p>&nbsp;[\/vc_column_text][\/vc_column][\/vc_row]<\/p>\n<\/div>","protected":false},"excerpt":{"rendered":"<p>[vc_row][vc_column][vc_column_text css=&#8220;&#8220;] Anmeldung f\u00fcr das Schuljahr 2026\/27 &nbsp; Unser Schulsprengel umfasst die Gemeinden Andlersdorf, Eckartsau, Haringsee, Mannsdorf und Orth\/D. &nbsp; Anmeldezeitraum f\u00fcr den Schulbesuch im Schuljahr 2026\/27: 9.2.2026 bis 20.02.2026 &nbsp; Folgende Anmeldem\u00f6glichkeiten gibt es: &nbsp;&nbsp;&nbsp;&nbsp;&nbsp; 1. die Unterlagen in unseren Postkasten einwerfen oder &nbsp; &nbsp; &nbsp; 2. sollte ein pers\u00f6nliches Gespr\u00e4ch gew\u00fcnscht werden, bitte&hellip;<\/p>\n","protected":false},"author":1,"featured_media":0,"parent":0,"menu_order":0,"comment_status":"closed","ping_status":"closed","template":"","meta":{"ngg_post_thumbnail":0,"footnotes":""},"class_list":["post-5567","page","type-page","status-publish","hentry","description-off"],"_links":{"self":[{"href":"https:\/\/nmsorth.ac.at\/index.php?rest_route=\/wp\/v2\/pages\/5567","targetHints":{"allow":["GET"]}}],"collection":[{"href":"https:\/\/nmsorth.ac.at\/index.php?rest_route=\/wp\/v2\/pages"}],"about":[{"href":"https:\/\/nmsorth.ac.at\/index.php?rest_route=\/wp\/v2\/types\/page"}],"author":[{"embeddable":true,"href":"https:\/\/nmsorth.ac.at\/index.php?rest_route=\/wp\/v2\/users\/1"}],"replies":[{"embeddable":true,"href":"https:\/\/nmsorth.ac.at\/index.php?rest_route=%2Fwp%2Fv2%2Fcomments&post=5567"}],"version-history":[{"count":19,"href":"https:\/\/nmsorth.ac.at\/index.php?rest_route=\/wp\/v2\/pages\/5567\/revisions"}],"predecessor-version":[{"id":12971,"href":"https:\/\/nmsorth.ac.at\/index.php?rest_route=\/wp\/v2\/pages\/5567\/revisions\/12971"}],"wp:attachment":[{"href":"https:\/\/nmsorth.ac.at\/index.php?rest_route=%2Fwp%2Fv2%2Fmedia&parent=5567"}],"curies":[{"name":"wp","href":"https:\/\/api.w.org\/{rel}","templated":true}]}}