{"id":5569,"date":"2022-04-08T06:32:54","date_gmt":"2022-04-08T06:32:54","guid":{"rendered":"https:\/\/nmsorth.ac.at\/?page_id=5569"},"modified":"2026-03-09T12:19:25","modified_gmt":"2026-03-09T12:19:25","slug":"schulprofil","status":"publish","type":"page","link":"https:\/\/nmsorth.ac.at\/?page_id=5569","title":{"rendered":"Schulprofil"},"content":{"rendered":"<div class=\"wpb-content-wrapper\"><p>[vc_row][vc_column][vc_column_text css=&#8220;&#8220;]<strong>WER wir sind<u><br \/>\n<\/u><\/strong><\/p>\n<p>Wir sind eine <strong>famili\u00e4re und sch\u00fcler*innenorientiere Informatik Mittelschule am Land<\/strong>, eingebettet in den Nationalpark Donauauen. Kennzeichnend f\u00fcr unsere gut vernetzte regionale Schule sind unter anderem die Kooperationen mit \u00f6rtlichen Institutionen (<a href=\"https:\/\/musikschule-orth.at\/\"><u>Musikschule Orth<\/u><\/a>, <a href=\"http:\/\/www.bibliothekorth.at\/html\/53\/D\/home.asp?pass=x&amp;p_direct=yes&amp;rn=198341\">Bibliothek Orth<\/a>, <a href=\"https:\/\/www.donauauen.at\/\">Nationalpark Donauauen<\/a>, <a href=\"http:\/\/museum.schloss-orth.at\/\">Museum Orth<\/a>, <a href=\"https:\/\/www.pbz-orth.at\/\">Pflege- und Betreuungszentrum Orth<\/a>).<\/p>\n<p>Durch die digitale Arbeit in allen Gegenst\u00e4nden wird der Informatikschwerpunkt gelebt. Unsere Sch\u00fcler*innen werden dazu bef\u00e4higt digital zu arbeiten, zu kommunizieren, sich zu pr\u00e4sentieren und diese Medien sicher zu nutzen, immer mit dem Ziel situationsabh\u00e4ngig den bestm\u00f6glichen Nutzen aus der Digitalisierung zu ziehen und die Lernqualit\u00e4t zu steigern.<\/p>\n<p>Unser Schulgeb\u00e4ude verf\u00fcgt, dank der Unterst\u00fctzhttps:\/\/www.donauauen.at\/besuchen\/schlossorth-nationalpark-zentrumung unserer Schulgemeinden, \u00fcber eine zeitgem\u00e4\u00dfe und moderne Schulausstattung, die vor allem durch einen Glasfaseranschluss und digitale Tafeln (Touchscreens) den Anforderungen unseres Informatikschwerpunktes entspricht. Ein besonderes Highlight stellt das digitale Experimentierzentrum, unser \u201e<a href=\"https:\/\/nmsorth.ac.at\/?page_id=5588\"><u>DigiLAB\u201c<\/u><\/a>, dar.<\/p>\n<p>&nbsp;<\/p>\n<p><strong>WOF\u00dcR wir stehen \u2013 was wir bieten<\/strong><\/p>\n<p>Das Ziel der engagierten Lehrpersonen, die sich als Wissensvermittler, Vorbilder und Lerncoaches sehen, ist es, Kompetenzen der Allgemeinbildung, der Informatik und des Sozialen auszubilden, zu st\u00e4rken und zu f\u00f6rdern.<\/p>\n<p>Zus\u00e4tzlich legen wir Wert auf ein respektvolles Miteinander, Gesundheit (Bewegung, gesundes Trinkverhalten, &#8230;), umweltbewusstes Handeln sowie Wissensvertiefung durch diverse <a href=\"https:\/\/nmsorth.ac.at\/?page_id=5592\"><u>Interessens-\/Begabungsmodule<\/u><\/a> und umfangreiche <a href=\"https:\/\/nmsorth.ac.at\/?page_id=5598\"><u>Berufsorientierung<\/u><\/a>.<\/p>\n<p>Eine wertvolle Ressource f\u00fcr einen sch\u00fcler*innenorientierten Unterricht in den F\u00e4chern Deutsch, Englisch und Mathematik stellen das Teamteaching in der 1. Klasse sowie die Leistungsniveaugruppen <em>Standard<\/em> und <em>Standard AHS<\/em> (= Berechtigung f\u00fcr weiterf\u00fchrende Schulen) ab der 2. Klasse dar.<\/p>\n<p>Projekte, Lehrausg\u00e4nge, Exkursionen, Schwerpunkttage\/-wochen (sprachlich, sportlich, \u2026), Kooperationsprojekte und die abwechslungsreich gestaltete<a href=\"https:\/\/nmsorth.ac.at\/?page_id=5552\"> <u>Nachmittagsbetreuung<\/u><\/a> mit gelenkter Lernzeit runden unser Angebot ab.<\/p>\n<p>&nbsp;<\/p>\n<p><strong>WIE wir arbeiten <\/strong><\/p>\n<p>In unserem Unterricht, in dem die Sch\u00fcler*innen mit ihren individuellen Begabungen und Interessen im Zentrum stehen, trainieren wir<a href=\"https:\/\/nmsorth.ac.at\/?page_id=5899\"> <u>Methodenvielfalt<\/u><\/a>. So entstehen in allen Unterrichtsgegenst\u00e4nden abwechslungsreiche Lernphasen, in denen wir eigenst\u00e4ndiges Lernen, digitales Arbeiten, Teamf\u00e4higkeit, Selbstreflexion, Kritikf\u00e4higkeit, Kreativit\u00e4t und l\u00f6sungsorientiertes Denken st\u00e4rken.<\/p>\n<p>Als besondere Highlights werden von unseren Sch\u00fcler*innen gerne das Tutorensystem, das j\u00e4hrliche Amphibienprojekt, das Experimentieren\/Programmieren mit z.B. Ozobots, sowie die Arbeit mit Apps genannt.<\/p>\n<p>Lernen ist f\u00fcr uns ein lebensbegleitender Prozess, der die Lernenden durch den Erwerb von Wissen, F\u00e4higkeiten und Einstellungen in die Lage versetzt, die Herausforderungen des Alltages und der Gesellschaft zielorientiert zu bew\u00e4ltigen.<\/p>\n<p>&nbsp;<\/p>\n<p><strong>WEGE nach der Informatikmittelschule<\/strong><\/p>\n<p>Nach dem Mittelschulabschluss stehen unseren Sch\u00fcler*innen zahlreiche weiterf\u00fchrende Schulen (bei Einstufung \u201eStandard AHS\u201c-Niveau <em>OHNE<\/em> Aufnahmepr\u00fcfung), ebenso Fachschulen oder der Weg in den Lehrberuf offen.<\/p>\n<p>Von Absolvent*innen wird besonders hervorgehoben, dass die Mittelschule Orth\/D. eine gute Grundlage f\u00fcr weiterf\u00fchrende Schulen darstellt. Die erworbenen digitalen Kenntnisse, im Rahmen des schulinternen Informatikschwerpunktes (z.B. ECDL), werden als erleichternd auf dem weiteren Bildungs- und Lebensweg wahrgenommen.<\/p>\n<p>&nbsp;<\/p>\n<p><a href=\"https:\/\/nmsorth.ac.at\/wp-content\/uploads\/2026\/02\/Flyer-Mittelschule-BMB.pdf\" class=\"pdfemb-viewer\" style=\"\" data-width=\"max\" data-height=\"max\" data-toolbar=\"bottom\" data-toolbar-fixed=\"off\">Flyer Mittelschule BMB<\/a>[\/vc_column_text][\/vc_column][\/vc_row]<\/p>\n<\/div>","protected":false},"excerpt":{"rendered":"<p>[vc_row][vc_column][vc_column_text css=&#8220;&#8220;]WER wir sind Wir sind eine famili\u00e4re und sch\u00fcler*innenorientiere Informatik Mittelschule am Land, eingebettet in den Nationalpark Donauauen. Kennzeichnend f\u00fcr unsere gut vernetzte regionale Schule sind unter anderem die Kooperationen mit \u00f6rtlichen Institutionen (Musikschule Orth, Bibliothek Orth, Nationalpark Donauauen, Museum Orth, Pflege- und Betreuungszentrum Orth). Durch die digitale Arbeit in allen Gegenst\u00e4nden wird der&hellip;<\/p>\n","protected":false},"author":1,"featured_media":0,"parent":0,"menu_order":0,"comment_status":"closed","ping_status":"closed","template":"","meta":{"ngg_post_thumbnail":0,"footnotes":""},"class_list":["post-5569","page","type-page","status-publish","hentry","description-off"],"_links":{"self":[{"href":"https:\/\/nmsorth.ac.at\/index.php?rest_route=\/wp\/v2\/pages\/5569","targetHints":{"allow":["GET"]}}],"collection":[{"href":"https:\/\/nmsorth.ac.at\/index.php?rest_route=\/wp\/v2\/pages"}],"about":[{"href":"https:\/\/nmsorth.ac.at\/index.php?rest_route=\/wp\/v2\/types\/page"}],"author":[{"embeddable":true,"href":"https:\/\/nmsorth.ac.at\/index.php?rest_route=\/wp\/v2\/users\/1"}],"replies":[{"embeddable":true,"href":"https:\/\/nmsorth.ac.at\/index.php?rest_route=%2Fwp%2Fv2%2Fcomments&post=5569"}],"version-history":[{"count":25,"href":"https:\/\/nmsorth.ac.at\/index.php?rest_route=\/wp\/v2\/pages\/5569\/revisions"}],"predecessor-version":[{"id":13432,"href":"https:\/\/nmsorth.ac.at\/index.php?rest_route=\/wp\/v2\/pages\/5569\/revisions\/13432"}],"wp:attachment":[{"href":"https:\/\/nmsorth.ac.at\/index.php?rest_route=%2Fwp%2Fv2%2Fmedia&parent=5569"}],"curies":[{"name":"wp","href":"https:\/\/api.w.org\/{rel}","templated":true}]}}