{"id":5573,"date":"2022-04-08T06:33:34","date_gmt":"2022-04-08T06:33:34","guid":{"rendered":"https:\/\/nmsorth.ac.at\/?page_id=5573"},"modified":"2023-09-23T14:57:55","modified_gmt":"2023-09-23T14:57:55","slug":"schulhaus","status":"publish","type":"page","link":"https:\/\/nmsorth.ac.at\/?page_id=5573","title":{"rendered":"Schulhaus"},"content":{"rendered":"<p><strong>Die Entwicklung des Schulgeb\u00e4udes<\/strong><\/p>\n<p>1530 findet sich die erste Erw\u00e4hnung einer Schule in dem Bericht des damaligen Pfarrers.<\/p>\n<p>Erstes in der Chronik erw\u00e4hnte Schulhaus ist das Haus Nr. 121 gegen\u00fcber dem Pfarrhof. Auf Grund der hohen Sch\u00fclerzahlen erweiterte man 1891 im Haus Nr. 15.<\/p>\n<p>Der 1. Weltkrieg machte Planungen f\u00fcr einen Schulbau zunichte und somit begann erst 1927 der Bau der Volks- und Hauptschule. Sie wurde am 1.9.1928 er\u00f6ffnet und z\u00e4hlte damals zu den modernsten Geb\u00e4uden des Landes. Sie war eine der wenigen Schulen, die einen eigenen Turnsaal mit Bad und einer Dampfheizung besa\u00df. Dieses Geb\u00e4ude besteht auch heute noch und befindet sich Am Markt 25.<\/p>\n<p>&nbsp;<\/p>\n<p><strong>Bau des Schulgeb\u00e4udes am Schlossplatz 4<\/strong><\/p>\n<p>Mit dem Bau der neuen Hauptschule in Orth wurde die bislang bestehende Raumnot behoben.<\/p>\n<p>Am 29.6.1970 wurde der Beschluss zum Neubau der Hauptschule Orth\/Donau gefasst. Das Schulgeb\u00e4ude am Schlossplatz 4 wurde in den Jahren 1973-1976 erbaut und am 26.6.1976 er\u00f6ffnet.<\/p>\n<p>ngg_shortcode_0_placeholderNach \u00fcber 40 j\u00e4hriger Nutzung war das Geb\u00e4ude &#8222;in die Jahre gekommen&#8220; und so wurde am 11. September 2019 nach jahrelangen Verhandlungen vom Schulausschuss der NMS Orth an der Donau die Generalsanierung des gesamten Schulgeb\u00e4udes einstimmig beschlossen. Mit einem Ideenwettbewerb wurde danach ein zukunftsorientiertes, innovatives und standortsicherndes Projekt ermittelt. Den Realisierungswettbewerb gewann das Architektenteam Stubenvoll.<\/p>\n<p>&nbsp;<\/p>\n<p><strong>Generalsanierung 2021-2022<\/strong><\/p>\n<p>Das in Fuchsenbigl beheimatete Architektenteam Stubenvoll hat es sich zum Ziel gesetzt die vorhandene Substanz mit Ausnahme des Turnsaals zu erhalten bzw. umzubauen und zu erg\u00e4nzen (neuer Turnsaal und neues Stiegenhaus). Die Schule soll den heutigen Anspr\u00fcchen des geforderten Nutzungskonzeptes, den hohen thermischen, den flucht- und brandschutztechnischen Anspr\u00fcchen angepasst werden und ein zeitgem\u00e4\u00dfes Erscheinungsbild bieten.<\/p>\n<p>Durch die maximale Erhaltung der bestehenden Rohbaustruktur und die Minimierung der notwendigen Neubaufl\u00e4che wird bei der Herstellung ein Maximum an Wirtschaftlichkeit erreicht. Die gesamte Geb\u00e4udefl\u00e4che wird hochgradig thermisch saniert, was eine gro\u00dfe Verringerung des Heizw\u00e4rmebedarfs und somit im Lebenszyklus des Geb\u00e4udes eine massive Senkung der Energiekosten zur Auswirkung hat.<\/p>\n<p>ngg_shortcode_1_placeholderDer Spatenstich erfolgte am 21.7.2021.<\/p>\n<p>ngg_shortcode_2_placeholderDer Umbau wurde in zwei Etappen umgesetzt.<\/p>\n<p>In der ersten Bauphase (Schulende 2021 bis Osterferien 2022) wurde der s\u00fcd\u00f6stliche Bauk\u00f6rper saniert und mit einem neuen Stiegenhaus erg\u00e4nzt.<\/p>\n<p>ngg_shortcode_3_placeholderDer Schulbetrieb (acht Klassen und die Nachmittagsbetreuung) fand w\u00e4hrend der 1. Bauphase (September 2021-April 2022) provisorisch in einem Containerdorf am Sportplatz und im westlichen Teil das Altgeb\u00e4udes statt.<\/p>\n<p>ngg_shortcode_4_placeholder&nbsp;Der Schulbetrieb fand nach den Osterferien (20.4.2022) im s\u00fcd\u00f6stlichen, bereits sanierten Bauk\u00f6rper mit seinen drei Ebenen statt.<\/p>\n<p>ngg_shortcode_5_placeholderIn der zweiten Bauphase (Osterferien 2022 bis Sommer 2023) wurde der Turnsaal abgerissen und erneuert, der mittlere Bauk\u00f6rper saniert und der Zugangsbereich erneuert.<\/p>\n<p>ngg_shortcode_6_placeholderP\u00fcnktlich mit Schulbeginn 2023\/24 waren die Sanierungsarbeiten soweit abgeschlossen, dass das gesamte, neu sanierte Schulgeb\u00e4ude wieder genutzt werden konnte. Auch wurde die Zeit der Sanierung vom Schulteam genutzt, um eine neue Corporate Identity zu erstellen, vor allem sichtbar am neunen Schullogo und der neuen Homepage.<\/p>\nngg_shortcode_7_placeholder\n","protected":false},"excerpt":{"rendered":"<p>Die Entwicklung des Schulgeb\u00e4udes 1530 findet sich die erste Erw\u00e4hnung einer Schule in dem Bericht des damaligen Pfarrers. Erstes in der Chronik erw\u00e4hnte Schulhaus ist das Haus Nr. 121 gegen\u00fcber dem Pfarrhof. Auf Grund der hohen Sch\u00fclerzahlen erweiterte man 1891 im Haus Nr. 15. Der 1. Weltkrieg machte Planungen f\u00fcr einen Schulbau zunichte und somit&hellip;<\/p>\n","protected":false},"author":1,"featured_media":0,"parent":0,"menu_order":0,"comment_status":"closed","ping_status":"closed","template":"","meta":{"ngg_post_thumbnail":0,"footnotes":""},"class_list":["post-5573","page","type-page","status-publish","hentry","description-off"],"_links":{"self":[{"href":"https:\/\/nmsorth.ac.at\/index.php?rest_route=\/wp\/v2\/pages\/5573","targetHints":{"allow":["GET"]}}],"collection":[{"href":"https:\/\/nmsorth.ac.at\/index.php?rest_route=\/wp\/v2\/pages"}],"about":[{"href":"https:\/\/nmsorth.ac.at\/index.php?rest_route=\/wp\/v2\/types\/page"}],"author":[{"embeddable":true,"href":"https:\/\/nmsorth.ac.at\/index.php?rest_route=\/wp\/v2\/users\/1"}],"replies":[{"embeddable":true,"href":"https:\/\/nmsorth.ac.at\/index.php?rest_route=%2Fwp%2Fv2%2Fcomments&post=5573"}],"version-history":[{"count":20,"href":"https:\/\/nmsorth.ac.at\/index.php?rest_route=\/wp\/v2\/pages\/5573\/revisions"}],"predecessor-version":[{"id":8946,"href":"https:\/\/nmsorth.ac.at\/index.php?rest_route=\/wp\/v2\/pages\/5573\/revisions\/8946"}],"wp:attachment":[{"href":"https:\/\/nmsorth.ac.at\/index.php?rest_route=%2Fwp%2Fv2%2Fmedia&parent=5573"}],"curies":[{"name":"wp","href":"https:\/\/api.w.org\/{rel}","templated":true}]}}