{"id":5586,"date":"2022-04-08T06:39:50","date_gmt":"2022-04-08T06:39:50","guid":{"rendered":"https:\/\/nmsorth.ac.at\/?page_id=5586"},"modified":"2024-09-01T05:03:06","modified_gmt":"2024-09-01T05:03:06","slug":"8-punkte-plan","status":"publish","type":"page","link":"https:\/\/nmsorth.ac.at\/?page_id=5586","title":{"rendered":"8-Punkte-Plan\/Ger\u00e4te Initiative"},"content":{"rendered":"<p>Die \u00f6sterreichische Bundesregierung hat sich zum Ziel gesetzt, im Rahmen des 8 Punkte-Plans f\u00fcr den digitalen Unterricht ab dem Schuljahr 2021\/22 die 5. Schulstufen mit digitalen Endger\u00e4ten auszustatten.<\/p>\n<p>&nbsp;<\/p>\n<p>Zweck der Initiative ist es, Sch\u00fcler*innen zu gleichen Rahmenbedingungen den Zugang zu digitaler Bildung zu erm\u00f6glichen. Dies umfasst sowohl die Vermittlung digitaler Kompetenzen und das Erlernen eines verantwortungsbewussten Umgangs mit Notebooks und Tablets als auch den optimalen Einsatz dieser Ger\u00e4te f\u00fcr bessere Lernchancen.<\/p>\n<p>&nbsp;<\/p>\n<p>Im Zentrum der Digitalen Schule steht der junge Mensch, der mit Freude und Motivation lernt, um selbstbestimmt seine Zukunft meistern zu k\u00f6nnen. Dazu geh\u00f6rt auch ein umfassendes Verst\u00e4ndnis f\u00fcr die digitale Welt und das Wissen, wie man sich (sicher) in dieser Welt bewegt. Der Anspruch des 8-Punkte-Plans ist es, dieses Wissen allen Sch\u00fclerinnen und Sch\u00fclern zu vermitteln.<\/p>\n<p>&nbsp;<\/p>\n<p>Die Digitale Schule erf\u00e4hrt mit dem 8-Punkte-Plan f\u00fcr den digitalen Unterricht ihre sukzessive Umsetzung. Er gibt mit seinen konkreten Zielen die n\u00e4chsten Entwicklungsschritte f\u00fcr eine fl\u00e4chendeckende Umsetzung des digital unterst\u00fctzten Lehrens und Lernens und f\u00fcr eine breitfl\u00e4chige Implementierung innovativer Lehr- und Lernformate vor.<\/p>\n<p>&nbsp;<\/p>\n<p><a href=\"https:\/\/digitaleschule.gv.at\/wp-content\/uploads\/2020\/10\/201015-4_Folder_Digitale_Schule_DINlang_A4_BF.pdf\">Digitale Schule<\/a><\/p>\n<p>&nbsp;<\/p>\n<p>Am 21.10.2022 war es zum ersten Mal soweit und unsere Sch\u00fcler*innen konnten die lang ersehnten Ger\u00e4te (Lenovo ThinkBook TB 14) in Empfang nehmen!&nbsp;<\/p>\n<p>ngg_shortcode_0_placeholderSeitdem werden j\u00e4hrlich im Herbst die Sch\u00fcler*innen der 1. Klassen mit Laptops ausgestattet.<\/p>\n","protected":false},"excerpt":{"rendered":"<p>Die \u00f6sterreichische Bundesregierung hat sich zum Ziel gesetzt, im Rahmen des 8 Punkte-Plans f\u00fcr den digitalen Unterricht ab dem Schuljahr 2021\/22 die 5. Schulstufen mit digitalen Endger\u00e4ten auszustatten. &nbsp; Zweck der Initiative ist es, Sch\u00fcler*innen zu gleichen Rahmenbedingungen den Zugang zu digitaler Bildung zu erm\u00f6glichen. Dies umfasst sowohl die Vermittlung digitaler Kompetenzen und das Erlernen&hellip;<\/p>\n","protected":false},"author":1,"featured_media":0,"parent":0,"menu_order":0,"comment_status":"closed","ping_status":"closed","template":"","meta":{"ngg_post_thumbnail":0,"footnotes":""},"class_list":["post-5586","page","type-page","status-publish","hentry","description-off"],"_links":{"self":[{"href":"https:\/\/nmsorth.ac.at\/index.php?rest_route=\/wp\/v2\/pages\/5586","targetHints":{"allow":["GET"]}}],"collection":[{"href":"https:\/\/nmsorth.ac.at\/index.php?rest_route=\/wp\/v2\/pages"}],"about":[{"href":"https:\/\/nmsorth.ac.at\/index.php?rest_route=\/wp\/v2\/types\/page"}],"author":[{"embeddable":true,"href":"https:\/\/nmsorth.ac.at\/index.php?rest_route=\/wp\/v2\/users\/1"}],"replies":[{"embeddable":true,"href":"https:\/\/nmsorth.ac.at\/index.php?rest_route=%2Fwp%2Fv2%2Fcomments&post=5586"}],"version-history":[{"count":8,"href":"https:\/\/nmsorth.ac.at\/index.php?rest_route=\/wp\/v2\/pages\/5586\/revisions"}],"predecessor-version":[{"id":10645,"href":"https:\/\/nmsorth.ac.at\/index.php?rest_route=\/wp\/v2\/pages\/5586\/revisions\/10645"}],"wp:attachment":[{"href":"https:\/\/nmsorth.ac.at\/index.php?rest_route=%2Fwp%2Fv2%2Fmedia&parent=5586"}],"curies":[{"name":"wp","href":"https:\/\/api.w.org\/{rel}","templated":true}]}}