{"id":5588,"date":"2022-04-08T06:40:10","date_gmt":"2022-04-08T06:40:10","guid":{"rendered":"https:\/\/nmsorth.ac.at\/?page_id=5588"},"modified":"2024-02-20T10:21:35","modified_gmt":"2024-02-20T10:21:35","slug":"digi-konzept","status":"publish","type":"page","link":"https:\/\/nmsorth.ac.at\/?page_id=5588","title":{"rendered":"IBM &#8222;DigiLAB&#8220;"},"content":{"rendered":"<p>Das Wort &#8222;DigiLAB&#8220; ist eine Eigenkreation unserer Schule. Das Wort ist im Zug der Neuausrichtung unseres Informatikschwerpunktes entstanden und hat gleich zwei Bedeutungen:<\/p>\n<p>&nbsp;<\/p>\n<p>Zum einen handelt es sich dabei um den <strong>RAUM<\/strong> <strong>\u201e<em>DigiLAB\u201c<\/em><\/strong><\/p>\n<p>Im Zuge der Generalsanierung des Schulgeb\u00e4udes wurde 2022 im Untergeschoss eine gro\u00dfz\u00fcgige Lernlandschaft f\u00fcr kreative Unterrichtsformen im Bereich IT und EDV geschaffen, unser <em>DigiLAB.<\/em><\/p>\n<p>Der Raum beinhaltet zwei unterschiedliche Bereiche, welche durch eine Faltwand vereint bzw. getrennt werden k\u00f6nnen. Ein Bereich beherbergt neben Laptops und Tablets die bei den Lernenden beliebten Ozobots (kleine Roboter) sowie zahlreiche micro:bits (Einplatinencomputer). Au\u00dferdem laden Lego Boost und Fischertechnik zum dreidimensionalen und digital animierten Gestalten ein. Gegen\u00fcber dem DigiLAB befindet sich eine Sitzstufenanlage mit einem Bibliotheksbereich, analogen Medien und digitalen Recherchepl\u00e4tzen. Dies soll die Verbindung beider Welten erm\u00f6glichen. Ein angrenzender Au\u00dfenbereich kann bei Sch\u00f6nwetter als Freiluftklasse genutzt werden.<\/p>\n<p>&nbsp;<\/p>\n<p>&nbsp;<\/p>\n<p>Und zum anderen um das<strong> IBM \u201e<em>DigiLAB<\/em>\u201c<\/strong><\/p>\n<p>Um unsere Sch\u00fcler*innen an neue Technologien heranzuf\u00fchren, wurde bereits im Schuljahr 2021\/22 das Interessens- und Begabungsmodul (IBM) \u201e<em>DigiLAB<\/em>\u201c angeboten. Digitale Kompetenzen k\u00f6nnen im Rahmen dieser Unverbindlichen \u00dcbung<em>&nbsp;<\/em>vertieft und in unterschiedlichen MINT (Mathematik-Informatik-Naturwissenschaft und Technik) &#8211; Projekten erprobt werden. Bereiche der Robotik, des Codings, der Technik und der Naturwissenschaften werden verbunden und f\u00fcr die Sch\u00fcler*innen in spannender Weise aufbereitet. Gearbeitet wird mit Ozobots, micro:bits, Lego Boost und Fischertechnik \u2013 also mit einfachen Programmiersprachen, um strukturiertes Denken und die Entwicklung umfassender Probleml\u00f6sef\u00e4higkeiten zu erlernen.<\/p>\nngg_shortcode_0_placeholder\n","protected":false},"excerpt":{"rendered":"<p>Das Wort &#8222;DigiLAB&#8220; ist eine Eigenkreation unserer Schule. Das Wort ist im Zug der Neuausrichtung unseres Informatikschwerpunktes entstanden und hat gleich zwei Bedeutungen: &nbsp; Zum einen handelt es sich dabei um den RAUM \u201eDigiLAB\u201c Im Zuge der Generalsanierung des Schulgeb\u00e4udes wurde 2022 im Untergeschoss eine gro\u00dfz\u00fcgige Lernlandschaft f\u00fcr kreative Unterrichtsformen im Bereich IT und EDV&hellip;<\/p>\n","protected":false},"author":1,"featured_media":0,"parent":0,"menu_order":0,"comment_status":"closed","ping_status":"closed","template":"","meta":{"ngg_post_thumbnail":0,"footnotes":""},"class_list":["post-5588","page","type-page","status-publish","hentry","description-off"],"_links":{"self":[{"href":"https:\/\/nmsorth.ac.at\/index.php?rest_route=\/wp\/v2\/pages\/5588","targetHints":{"allow":["GET"]}}],"collection":[{"href":"https:\/\/nmsorth.ac.at\/index.php?rest_route=\/wp\/v2\/pages"}],"about":[{"href":"https:\/\/nmsorth.ac.at\/index.php?rest_route=\/wp\/v2\/types\/page"}],"author":[{"embeddable":true,"href":"https:\/\/nmsorth.ac.at\/index.php?rest_route=\/wp\/v2\/users\/1"}],"replies":[{"embeddable":true,"href":"https:\/\/nmsorth.ac.at\/index.php?rest_route=%2Fwp%2Fv2%2Fcomments&post=5588"}],"version-history":[{"count":10,"href":"https:\/\/nmsorth.ac.at\/index.php?rest_route=\/wp\/v2\/pages\/5588\/revisions"}],"predecessor-version":[{"id":9641,"href":"https:\/\/nmsorth.ac.at\/index.php?rest_route=\/wp\/v2\/pages\/5588\/revisions\/9641"}],"wp:attachment":[{"href":"https:\/\/nmsorth.ac.at\/index.php?rest_route=%2Fwp%2Fv2%2Fmedia&parent=5588"}],"curies":[{"name":"wp","href":"https:\/\/api.w.org\/{rel}","templated":true}]}}