{"id":5590,"date":"2022-04-08T06:40:23","date_gmt":"2022-04-08T06:40:23","guid":{"rendered":"https:\/\/nmsorth.ac.at\/?page_id=5590"},"modified":"2026-01-27T13:03:40","modified_gmt":"2026-01-27T13:03:40","slug":"ecdl","status":"publish","type":"page","link":"https:\/\/nmsorth.ac.at\/?page_id=5590","title":{"rendered":"ICDL &#8211; Computer F\u00fchrerschein"},"content":{"rendered":"<div class=\"wpb-content-wrapper\"><p>[vc_row][vc_column][vc_column_text css=&#8220;&#8220;]<strong>Unverbindliche \u00dcbung \u2013 Einf\u00fchrung in die Informatik<\/strong><\/p>\n<p><strong>ICDL Standard &#8211; der Computer F\u00fchrerschein<\/strong><\/p>\n<p><strong>&nbsp;&nbsp;&nbsp; <\/strong><strong>&nbsp;&nbsp;&nbsp;&nbsp;&nbsp;&nbsp;&nbsp;&nbsp;&nbsp;&nbsp;&nbsp;&nbsp;&nbsp;&nbsp;&nbsp;&nbsp;&nbsp;&nbsp;&nbsp;&nbsp;&nbsp;<\/strong><\/p>\n<p>In der heutigen Zeit ist das Fachwissen im Bereich Informatik und dessen praktische Umsetzung ein wesentlicher Bestandteil unserer Gesellschaft und ist nicht mehr wegzudenken. Deshalb bieten wir unseren Sch\u00fcler*innen die M\u00f6glichkeit, in Zusammenarbeit mit der \u00d6sterreichischen Computer Gesellschaft (OCG), den Computerf\u00fchrerschein im Rahmen der \u201eUnverbindliche \u00dcbung Informatik\u201c zu erlangen.<\/p>\n<p>Hierf\u00fcr m\u00fcssen <strong>sieben Teilpr\u00fcfungen (Module)<\/strong> im Zeitraum von <strong>vier Schuljahren<\/strong> abgelegt werden:<\/p>\n<p>&nbsp;<\/p>\n<p><u>6 Pflichtmodule<\/u>:<\/p>\n<p>Modul 1&nbsp;&nbsp;&nbsp;&nbsp;&nbsp;&nbsp;&nbsp;&nbsp;&nbsp;&nbsp; Grundlagen der Informatik<\/p>\n<p>Modul 2&nbsp;&nbsp;&nbsp;&nbsp;&nbsp;&nbsp;&nbsp;&nbsp;&nbsp;&nbsp; Online Grundlagen<\/p>\n<p>Modul 3&nbsp;&nbsp;&nbsp;&nbsp;&nbsp;&nbsp;&nbsp;&nbsp;&nbsp;&nbsp; Textverarbeitung<\/p>\n<p>Modul 4&nbsp;&nbsp;&nbsp;&nbsp;&nbsp;&nbsp;&nbsp;&nbsp;&nbsp;&nbsp; Tabellenkalkulation<\/p>\n<p>Modul 5&nbsp;&nbsp;&nbsp;&nbsp;&nbsp;&nbsp;&nbsp;&nbsp;&nbsp;&nbsp; Pr\u00e4sentation<\/p>\n<p>Modul 6&nbsp;&nbsp;&nbsp;&nbsp;&nbsp;&nbsp;&nbsp;&nbsp;&nbsp;&nbsp; IT-Security<\/p>\n<p>&nbsp;<\/p>\n<p><u>1 Wahlmodul<\/u>:<\/p>\n<p>Modul 7&nbsp;&nbsp;&nbsp;&nbsp;&nbsp;&nbsp;&nbsp;&nbsp;&nbsp;&nbsp; Online Zusammenarbeit (wurde von unserer Schule ausgew\u00e4hlt)<\/p>\n<p>&nbsp;<\/p>\n<p>Unterrichtet wird in der 1. Klasse ein und ab der 2. Klasse jeweils zwei Module pro Schuljahr. Nach jedem Modul findet an unserer Schule eine Pr\u00fcfung mit einem externen Pr\u00fcfer der OCG (\u00d6sterreichische Computer Gesellschaft) statt.&nbsp;<\/p>\n<p>&nbsp;<\/p>\n<p>Die anfallenden Kosten (Stand M\u00e4rz 2021):<\/p>\n<p>&nbsp;&nbsp;&nbsp;&nbsp;&nbsp;&nbsp;&nbsp;&nbsp;&nbsp;&nbsp;&nbsp; Pr\u00fcfungsausweis \u2013 SkillCard<\/p>\n<p>&nbsp;&nbsp;&nbsp;&nbsp;&nbsp;&nbsp;&nbsp;&nbsp;&nbsp;&nbsp;&nbsp; <em>(muss nur <strong>einmal<\/strong> bezahlt werden<br \/>\n&nbsp;&nbsp;&nbsp;&nbsp;&nbsp;&nbsp;&nbsp;&nbsp;&nbsp;&nbsp;&nbsp; &nbsp;und bleibt unbegrenzt g\u00fcltig) &nbsp; &nbsp; &nbsp; &nbsp; &nbsp; &nbsp;&nbsp;<\/em> \u20ac 37,00<\/p>\n<p>&nbsp;<\/p>\n<p>&nbsp;&nbsp;&nbsp;&nbsp;&nbsp;&nbsp;&nbsp;&nbsp;&nbsp;&nbsp;&nbsp; Geb\u00fchr pro Pr\u00fcfung<\/p>\n<p>&nbsp;&nbsp;&nbsp;&nbsp;&nbsp;&nbsp;&nbsp;&nbsp;&nbsp;&nbsp;&nbsp; <em>(mindestens 7 Pr\u00fcfungen)<\/em>&nbsp;&nbsp;&nbsp;&nbsp;&nbsp;&nbsp;&nbsp;&nbsp;&nbsp;&nbsp;&nbsp;&nbsp;&nbsp;&nbsp;&nbsp;&nbsp;&nbsp;&nbsp; \u20ac 15,00<\/p>\n<p>&nbsp;<\/p>\n<p>Die Teilnahme am Unterricht ist kostenlos. Es wird jedoch darauf hingewiesen, dass im Unterricht nicht alle Fragestellungen bis ins kleinste Detail erarbeitet werden k\u00f6nnen, somit bleibt eine gewisse Eigenverantwortung und selbstst\u00e4ndiges Arbeiten und \u00dcben zu Hause eine Voraussetzung, um auch die Pr\u00fcfungen erfolgreich zu absolvieren.<\/p>\n<p>&nbsp;<\/p>\n<p>Weitere Informationen finden Sie unter: <a href=\"https:\/\/www.icdl.at\/in-schulen\">https:\/\/www.icdl.at\/in-schulen<\/a>[\/vc_column_text][\/vc_column][\/vc_row]<\/p>\n<\/div>","protected":false},"excerpt":{"rendered":"<p>[vc_row][vc_column][vc_column_text css=&#8220;&#8220;]Unverbindliche \u00dcbung \u2013 Einf\u00fchrung in die Informatik ICDL Standard &#8211; der Computer F\u00fchrerschein &nbsp;&nbsp;&nbsp; &nbsp;&nbsp;&nbsp;&nbsp;&nbsp;&nbsp;&nbsp;&nbsp;&nbsp;&nbsp;&nbsp;&nbsp;&nbsp;&nbsp;&nbsp;&nbsp;&nbsp;&nbsp;&nbsp;&nbsp;&nbsp; In der heutigen Zeit ist das Fachwissen im Bereich Informatik und dessen praktische Umsetzung ein wesentlicher Bestandteil unserer Gesellschaft und ist nicht mehr wegzudenken. Deshalb bieten wir unseren Sch\u00fcler*innen die M\u00f6glichkeit, in Zusammenarbeit mit der \u00d6sterreichischen Computer Gesellschaft (OCG),&hellip;<\/p>\n","protected":false},"author":1,"featured_media":0,"parent":0,"menu_order":0,"comment_status":"closed","ping_status":"closed","template":"","meta":{"ngg_post_thumbnail":0,"footnotes":""},"class_list":["post-5590","page","type-page","status-publish","hentry","description-off"],"_links":{"self":[{"href":"https:\/\/nmsorth.ac.at\/index.php?rest_route=\/wp\/v2\/pages\/5590","targetHints":{"allow":["GET"]}}],"collection":[{"href":"https:\/\/nmsorth.ac.at\/index.php?rest_route=\/wp\/v2\/pages"}],"about":[{"href":"https:\/\/nmsorth.ac.at\/index.php?rest_route=\/wp\/v2\/types\/page"}],"author":[{"embeddable":true,"href":"https:\/\/nmsorth.ac.at\/index.php?rest_route=\/wp\/v2\/users\/1"}],"replies":[{"embeddable":true,"href":"https:\/\/nmsorth.ac.at\/index.php?rest_route=%2Fwp%2Fv2%2Fcomments&post=5590"}],"version-history":[{"count":7,"href":"https:\/\/nmsorth.ac.at\/index.php?rest_route=\/wp\/v2\/pages\/5590\/revisions"}],"predecessor-version":[{"id":13229,"href":"https:\/\/nmsorth.ac.at\/index.php?rest_route=\/wp\/v2\/pages\/5590\/revisions\/13229"}],"wp:attachment":[{"href":"https:\/\/nmsorth.ac.at\/index.php?rest_route=%2Fwp%2Fv2%2Fmedia&parent=5590"}],"curies":[{"name":"wp","href":"https:\/\/api.w.org\/{rel}","templated":true}]}}