{"id":5592,"date":"2022-04-08T06:40:41","date_gmt":"2022-04-08T06:40:41","guid":{"rendered":"https:\/\/nmsorth.ac.at\/?page_id=5592"},"modified":"2024-06-02T08:34:52","modified_gmt":"2024-06-02T08:34:52","slug":"ibm","status":"publish","type":"page","link":"https:\/\/nmsorth.ac.at\/?page_id=5592","title":{"rendered":"Interessens- und Begabungsmodule (IBM)"},"content":{"rendered":"<p>Einen Schwerpunkt an der Informatik Mittelschule Orth\/D. stellen die <strong>Interessens- und Begabungsmodule (<\/strong><strong>IBM) <\/strong>dar.<\/p>\n<p>&nbsp;<\/p>\n<p>Unsere Sch\u00fcler*innen k\u00f6nnen j\u00e4hrlich aus Modulen unterschiedlichster Bereiche (musisch, sportlich, sozial, \u2026) w\u00e4hlen. Diese umfassen in der 4. Klasse auch Vertiefungsbereiche aus den drei Hauptgegenst\u00e4nden Deutsch, Mathematik und Englisch, um eine optimale Vorbereitung auf weiterf\u00fchrende Schulen zu bieten.<\/p>\n","protected":false},"excerpt":{"rendered":"<p>Einen Schwerpunkt an der Informatik Mittelschule Orth\/D. stellen die Interessens- und Begabungsmodule (IBM) dar. &nbsp; Unsere Sch\u00fcler*innen k\u00f6nnen j\u00e4hrlich aus Modulen unterschiedlichster Bereiche (musisch, sportlich, sozial, \u2026) w\u00e4hlen. Diese umfassen in der 4. Klasse auch Vertiefungsbereiche aus den drei Hauptgegenst\u00e4nden Deutsch, Mathematik und Englisch, um eine optimale Vorbereitung auf weiterf\u00fchrende Schulen zu bieten.<\/p>\n","protected":false},"author":1,"featured_media":0,"parent":0,"menu_order":0,"comment_status":"closed","ping_status":"closed","template":"","meta":{"ngg_post_thumbnail":0,"footnotes":""},"class_list":["post-5592","page","type-page","status-publish","hentry","description-off"],"_links":{"self":[{"href":"https:\/\/nmsorth.ac.at\/index.php?rest_route=\/wp\/v2\/pages\/5592","targetHints":{"allow":["GET"]}}],"collection":[{"href":"https:\/\/nmsorth.ac.at\/index.php?rest_route=\/wp\/v2\/pages"}],"about":[{"href":"https:\/\/nmsorth.ac.at\/index.php?rest_route=\/wp\/v2\/types\/page"}],"author":[{"embeddable":true,"href":"https:\/\/nmsorth.ac.at\/index.php?rest_route=\/wp\/v2\/users\/1"}],"replies":[{"embeddable":true,"href":"https:\/\/nmsorth.ac.at\/index.php?rest_route=%2Fwp%2Fv2%2Fcomments&post=5592"}],"version-history":[{"count":5,"href":"https:\/\/nmsorth.ac.at\/index.php?rest_route=\/wp\/v2\/pages\/5592\/revisions"}],"predecessor-version":[{"id":10283,"href":"https:\/\/nmsorth.ac.at\/index.php?rest_route=\/wp\/v2\/pages\/5592\/revisions\/10283"}],"wp:attachment":[{"href":"https:\/\/nmsorth.ac.at\/index.php?rest_route=%2Fwp%2Fv2%2Fmedia&parent=5592"}],"curies":[{"name":"wp","href":"https:\/\/api.w.org\/{rel}","templated":true}]}}