{"id":5596,"date":"2022-04-08T06:41:23","date_gmt":"2022-04-08T06:41:23","guid":{"rendered":"https:\/\/nmsorth.ac.at\/?page_id=5596"},"modified":"2022-08-21T16:59:59","modified_gmt":"2022-08-21T16:59:59","slug":"e-club","status":"publish","type":"page","link":"https:\/\/nmsorth.ac.at\/?page_id=5596","title":{"rendered":"IBM English-CLUB"},"content":{"rendered":"<p>Dieses Angebot richtet sich an Sch\u00fcler*innen, die ihr Wissen in verschiedenen Bereichen der Fremdsprache Englisch vertiefen m\u00f6chten. Freude im Umgang mit der Sprache soll geweckt werden, dabei spielen Wortschatzarbeit, Kommunikation und sinnerfassendes Lesen eine entscheidende Rolle. Der Unterricht wird abwechslungsreich gestaltet, wobei Themen, mit denen sich Jugendliche gerne besch\u00e4ftigen im Mittelpunkt stehen. Auch soll das Interesse f\u00fcr englischsprachige Literatur und Filme geweckt werden.<\/p>\n<p>&nbsp;<\/p>\n<p>Der Englisch Club ist auch als eine zus\u00e4tzliche Vorbereitung f\u00fcr jene Sch\u00fcler*innen gedacht, die in der Tourismus- oder IT-Branche arbeiten m\u00f6chten und\/oder eine weiterf\u00fchrende Schule, z.B. HLT, HAK, HAS, HLW, HTL, \u2026 besuchen wollen.<\/p>\n","protected":false},"excerpt":{"rendered":"<p>Dieses Angebot richtet sich an Sch\u00fcler*innen, die ihr Wissen in verschiedenen Bereichen der Fremdsprache Englisch vertiefen m\u00f6chten. Freude im Umgang mit der Sprache soll geweckt werden, dabei spielen Wortschatzarbeit, Kommunikation und sinnerfassendes Lesen eine entscheidende Rolle. Der Unterricht wird abwechslungsreich gestaltet, wobei Themen, mit denen sich Jugendliche gerne besch\u00e4ftigen im Mittelpunkt stehen. Auch soll das&hellip;<\/p>\n","protected":false},"author":1,"featured_media":0,"parent":0,"menu_order":0,"comment_status":"closed","ping_status":"closed","template":"","meta":{"ngg_post_thumbnail":0,"footnotes":""},"class_list":["post-5596","page","type-page","status-publish","hentry","description-off"],"_links":{"self":[{"href":"https:\/\/nmsorth.ac.at\/index.php?rest_route=\/wp\/v2\/pages\/5596","targetHints":{"allow":["GET"]}}],"collection":[{"href":"https:\/\/nmsorth.ac.at\/index.php?rest_route=\/wp\/v2\/pages"}],"about":[{"href":"https:\/\/nmsorth.ac.at\/index.php?rest_route=\/wp\/v2\/types\/page"}],"author":[{"embeddable":true,"href":"https:\/\/nmsorth.ac.at\/index.php?rest_route=\/wp\/v2\/users\/1"}],"replies":[{"embeddable":true,"href":"https:\/\/nmsorth.ac.at\/index.php?rest_route=%2Fwp%2Fv2%2Fcomments&post=5596"}],"version-history":[{"count":4,"href":"https:\/\/nmsorth.ac.at\/index.php?rest_route=\/wp\/v2\/pages\/5596\/revisions"}],"predecessor-version":[{"id":6942,"href":"https:\/\/nmsorth.ac.at\/index.php?rest_route=\/wp\/v2\/pages\/5596\/revisions\/6942"}],"wp:attachment":[{"href":"https:\/\/nmsorth.ac.at\/index.php?rest_route=%2Fwp%2Fv2%2Fmedia&parent=5596"}],"curies":[{"name":"wp","href":"https:\/\/api.w.org\/{rel}","templated":true}]}}