{"id":5893,"date":"2022-04-27T10:17:45","date_gmt":"2022-04-27T10:17:45","guid":{"rendered":"https:\/\/nmsorth.ac.at\/?page_id=5893"},"modified":"2025-04-03T08:46:38","modified_gmt":"2025-04-03T08:46:38","slug":"unsere-schule","status":"publish","type":"page","link":"https:\/\/nmsorth.ac.at\/?page_id=5893","title":{"rendered":"Leitbild"},"content":{"rendered":"<p><span style=\"font-size: 18pt;\"><strong>LEITBILD der N\u00d6 Informatik Mittelschule Orth\/D.<\/strong><\/span><\/p>\n<p>&nbsp;<\/p>\n<p>&nbsp;<\/p>\n<p><img loading=\"lazy\" decoding=\"async\" class=\"alignnone wp-image-6345\" src=\"https:\/\/nmsorth.ac.at\/wp-content\/uploads\/2022\/06\/mode-portrait-300x300.png\" alt=\"\" width=\"49\" height=\"49\" srcset=\"https:\/\/nmsorth.ac.at\/wp-content\/uploads\/2022\/06\/mode-portrait-300x300.png 300w, https:\/\/nmsorth.ac.at\/wp-content\/uploads\/2022\/06\/mode-portrait-150x150.png 150w, https:\/\/nmsorth.ac.at\/wp-content\/uploads\/2022\/06\/mode-portrait.png 512w\" sizes=\"auto, (max-width: 49px) 100vw, 49px\" \/>&nbsp;<\/p>\n<p>Wir pflegen einen pers\u00f6nlichen famili\u00e4ren Umgang und stellen unsere Sch\u00fcler*innen mit ihren individuellen Interessen und Begabungen ins Zentrum.<\/p>\n<p>Wir gehen von einem ganzheitlichen Ansatz aus, deshalb achten wir auf<\/p>\n<ul>\n<li>ausreichend Bewegung<\/li>\n<li>gesundes Trinkverhalten<\/li>\n<li>ausgewogene Mittagsmahlzeiten (Nachmittagsbetreuung)<\/li>\n<li>ein gutes Miteinander (Respekt, Freundlichkeit, Wertsch\u00e4tzung)<\/li>\n<li>abwechslungsreiche, anregende und individuelle Lernangebote<\/li>\n<\/ul>\n<p>&nbsp;<\/p>\n<p>&nbsp;<\/p>\n<p><img loading=\"lazy\" decoding=\"async\" class=\"alignnone wp-image-6350\" src=\"https:\/\/nmsorth.ac.at\/wp-content\/uploads\/2022\/06\/book-alt2-300x300.png\" alt=\"\" width=\"48\" height=\"48\" srcset=\"https:\/\/nmsorth.ac.at\/wp-content\/uploads\/2022\/06\/book-alt2-300x300.png 300w, https:\/\/nmsorth.ac.at\/wp-content\/uploads\/2022\/06\/book-alt2-150x150.png 150w, https:\/\/nmsorth.ac.at\/wp-content\/uploads\/2022\/06\/book-alt2.png 512w\" sizes=\"auto, (max-width: 48px) 100vw, 48px\" \/><\/p>\n<p>Wir bereiten unsere Sch\u00fcler*innen auf die weitere Laufbahn vor, dies unterst\u00fctzen wir durch<\/p>\n<ul>\n<li>M\u00f6glichkeiten eigenst\u00e4ndigen Lernens<\/li>\n<li>die Vermittlung einer fundierten Allgemeinbildung (in D, M, E: Gruppen im Leistungsniveau Standard\/Standard AHS)<\/li>\n<li>eine Auswahl an Interessens- und Begabungsmodulen (IBM)&nbsp;<\/li>\n<li>eine umfassende Berufsorientierung&nbsp;&nbsp;&nbsp;&nbsp;&nbsp;&nbsp;&nbsp;&nbsp;&nbsp;&nbsp;&nbsp;&nbsp;&nbsp;&nbsp;&nbsp;&nbsp;&nbsp;&nbsp;&nbsp;&nbsp;&nbsp;&nbsp;&nbsp;&nbsp;&nbsp;&nbsp;&nbsp;&nbsp;&nbsp;&nbsp;&nbsp;&nbsp;&nbsp;<\/li>\n<\/ul>\n<p>&nbsp;<\/p>\n<p>&nbsp;<\/p>\n<p><img loading=\"lazy\" decoding=\"async\" class=\"alignnone wp-image-6347\" src=\"https:\/\/nmsorth.ac.at\/wp-content\/uploads\/2022\/06\/laptop-300x300.png\" alt=\"\" width=\"53\" height=\"53\" srcset=\"https:\/\/nmsorth.ac.at\/wp-content\/uploads\/2022\/06\/laptop-300x300.png 300w, https:\/\/nmsorth.ac.at\/wp-content\/uploads\/2022\/06\/laptop-150x150.png 150w, https:\/\/nmsorth.ac.at\/wp-content\/uploads\/2022\/06\/laptop.png 512w\" sizes=\"auto, (max-width: 53px) 100vw, 53px\" \/><\/p>\n<p>Wir sehen den Umgang mit Digitalisierung als Selbstverst\u00e4ndnis mit dem Ziel, den bestm\u00f6glichen Nutzen zu ziehen. So ergibt sich der Leitgedanke unseres Informatikschwerpunktes.<\/p>\n<p>&nbsp;<\/p>\n<p>&nbsp;<\/p>\n<p><img loading=\"lazy\" decoding=\"async\" class=\"alignnone wp-image-6348\" src=\"https:\/\/nmsorth.ac.at\/wp-content\/uploads\/2022\/06\/world-300x300.png\" alt=\"\" width=\"51\" height=\"51\" srcset=\"https:\/\/nmsorth.ac.at\/wp-content\/uploads\/2022\/06\/world-300x300.png 300w, https:\/\/nmsorth.ac.at\/wp-content\/uploads\/2022\/06\/world-150x150.png 150w, https:\/\/nmsorth.ac.at\/wp-content\/uploads\/2022\/06\/world.png 512w\" sizes=\"auto, (max-width: 51px) 100vw, 51px\" \/><\/p>\n<p>Wir sch\u00e4tzen unser l\u00e4ndliches Umfeld und achten besonders auf einen ressourcenschonenden Umgang mit unserer Umwelt. Dies zeigt sich auch in der Auszeichnung als Nationalpark-Partnerschule und durch unsere \u00d6kolog-Zertifizierung.<\/p>\n<p>&nbsp;<\/p>\n<p>&nbsp;<\/p>\n<p><img loading=\"lazy\" decoding=\"async\" class=\"alignnone wp-image-6349\" src=\"https:\/\/nmsorth.ac.at\/wp-content\/uploads\/2022\/06\/marker-300x300.png\" alt=\"\" width=\"50\" height=\"50\" srcset=\"https:\/\/nmsorth.ac.at\/wp-content\/uploads\/2022\/06\/marker-300x300.png 300w, https:\/\/nmsorth.ac.at\/wp-content\/uploads\/2022\/06\/marker-150x150.png 150w, https:\/\/nmsorth.ac.at\/wp-content\/uploads\/2022\/06\/marker.png 512w\" sizes=\"auto, (max-width: 50px) 100vw, 50px\" \/><\/p>\n<p>Wir vernetzen uns mit regionalen Partnern und legen Wert auf unsere gelebten Kooperationen.<\/p>\n","protected":false},"excerpt":{"rendered":"<p>LEITBILD der N\u00d6 Informatik Mittelschule Orth\/D. &nbsp; &nbsp; &nbsp; Wir pflegen einen pers\u00f6nlichen famili\u00e4ren Umgang und stellen unsere Sch\u00fcler*innen mit ihren individuellen Interessen und Begabungen ins Zentrum. Wir gehen von einem ganzheitlichen Ansatz aus, deshalb achten wir auf ausreichend Bewegung gesundes Trinkverhalten ausgewogene Mittagsmahlzeiten (Nachmittagsbetreuung) ein gutes Miteinander (Respekt, Freundlichkeit, Wertsch\u00e4tzung) abwechslungsreiche, anregende und individuelle&hellip;<\/p>\n","protected":false},"author":1,"featured_media":0,"parent":0,"menu_order":0,"comment_status":"closed","ping_status":"closed","template":"","meta":{"ngg_post_thumbnail":0,"footnotes":""},"class_list":["post-5893","page","type-page","status-publish","hentry","description-off"],"_links":{"self":[{"href":"https:\/\/nmsorth.ac.at\/index.php?rest_route=\/wp\/v2\/pages\/5893","targetHints":{"allow":["GET"]}}],"collection":[{"href":"https:\/\/nmsorth.ac.at\/index.php?rest_route=\/wp\/v2\/pages"}],"about":[{"href":"https:\/\/nmsorth.ac.at\/index.php?rest_route=\/wp\/v2\/types\/page"}],"author":[{"embeddable":true,"href":"https:\/\/nmsorth.ac.at\/index.php?rest_route=\/wp\/v2\/users\/1"}],"replies":[{"embeddable":true,"href":"https:\/\/nmsorth.ac.at\/index.php?rest_route=%2Fwp%2Fv2%2Fcomments&post=5893"}],"version-history":[{"count":18,"href":"https:\/\/nmsorth.ac.at\/index.php?rest_route=\/wp\/v2\/pages\/5893\/revisions"}],"predecessor-version":[{"id":11733,"href":"https:\/\/nmsorth.ac.at\/index.php?rest_route=\/wp\/v2\/pages\/5893\/revisions\/11733"}],"wp:attachment":[{"href":"https:\/\/nmsorth.ac.at\/index.php?rest_route=%2Fwp%2Fv2%2Fmedia&parent=5893"}],"curies":[{"name":"wp","href":"https:\/\/api.w.org\/{rel}","templated":true}]}}