{"id":5899,"date":"2022-04-27T10:29:24","date_gmt":"2022-04-27T10:29:24","guid":{"rendered":"https:\/\/nmsorth.ac.at\/?page_id=5899"},"modified":"2022-11-15T06:56:20","modified_gmt":"2022-11-15T06:56:20","slug":"methodenvielfalt","status":"publish","type":"page","link":"https:\/\/nmsorth.ac.at\/?page_id=5899","title":{"rendered":"Methodenvielfalt"},"content":{"rendered":"<p>Methodenvielfalt ist die Basis f\u00fcr einen guten und abwechslungsreichen Unterricht. Mithilfe unterschiedlicher Methoden k\u00f6nnen die geplanten Themen und die damit verbundenen Inhalte effektiv vermittelt werden, auch finden damit die unterschiedlichen Lernvoraussetzungen und Interessen der Sch\u00fcler*innen Beachtung.<\/p>\n<p>&nbsp;<\/p>\n<p>Beispielhaft einige Methoden:<\/p>\n<p>&nbsp;<\/p>\n<p><strong>Digitales Arbeiten<\/strong><\/p>\n<p>Einsatz von Lernsoftware (GeoGebra in Mathematik, z.B. kann man mathematische Sachverhalte grafisch darstellen), Internetrecherche, digitale Schulmaterialien\/Lesehefte, Cyberhomework (elektronische Hausaufgabe), elektronische Tafeln, gemeinsame Kommunikationsplattform Teams, Ozobots, Micro.bites, LegoBoost, Fischer Technik.<\/p>\nngg_shortcode_0_placeholder\n<p><strong>Tutorensystem\/Lernen voneinander miteinander<\/strong><\/p>\n<p>Um unseren Sch\u00fcler*innen ein Lernen voneinander und miteinander zu erm\u00f6glichen, gibt es Phasen, in denen die \u00e4lteren Jahrg\u00e4nge Unterrichtsinhalte vorbereiten, um sie gemeinsam mit den j\u00fcngeren zu erarbeiten. Von diesem jahrgangs\u00fcbergreifenden Wissensaustausch\/Wissenserwerb profitieren beide Seiten.<\/p>\n<p>&nbsp;<\/p>\n<p><strong>Bewegte Stunde<\/strong><\/p>\n<p>Das Motto \u201cWer sich bewegt, dem f\u00e4llt das Denken leichter\u201d nutzen wir zur Festigung von Unterrichtsinhalten und bieten damit unseren Sch\u00fcler*innen die M\u00f6glichkeit Lernen in Bewegung zu erleben.<\/p>\nngg_shortcode_1_placeholder\n<p><strong>MindMap<\/strong><\/p>\n<p>Mit einer MindMap kann Wissen rasch und \u00fcbersichtlich kategorisiert, strukturiert und gegliedert werden.<\/p>\n<p>&nbsp;<\/p>\n<p><strong>W\u00f6rterbuchk\u00f6nig<\/strong><\/p>\n<p>Durch kontinuierliches Suchen im W\u00f6rterbuch wird das Alphabet und die Rechtschreibung auf motivierende Weise trainiert. Die einzelnen Erkl\u00e4rungen erweitern den Wortschatz.<\/p>\n<p>&nbsp;<\/p>\n<p><strong>Expertenrunde<\/strong><\/p>\n<p>Sch\u00fcler*innen erwerben in Kleingruppen Kenntnisse, die sie anschlie\u00dfend in den anderen Gruppen multiplizieren.<\/p>\nngg_shortcode_2_placeholder\n<p><strong>Leseschachtel<\/strong><\/p>\n<p>Inhalte eines Buches werden auf kreative Art und Weise veranschaulicht. Dazu w\u00e4hlen sich Sch\u00fcler*innen bestimmte Szenen aus und stellen diese in einer Schachtel nach.<\/p>\nngg_shortcode_3_placeholder\n<p><strong>Feedbackkultur<\/strong><\/p>\n<p>Feedback hat in unserem Unterricht einen hohen Stellenwert und wird unterschiedlich gelebt. Beispiele daf\u00fcr sind: Ampelkarten, Daumenmethode, Stimmungsbarometer, \u2026<\/p>\n<p>&nbsp;<\/p>\n<p><strong>Museumsrundgang<\/strong><\/p>\n<p>Verschiedene Unterrichtsinhalte werden visualisiert und wie in einem Museum zur Schau gestellt. Die Empore unseres Schulhauses bietet die optimalen r\u00e4umlichen Voraussetzungen daf\u00fcr. In Kleingruppen werden die einzelnen \u201cStationen\u201d besucht und deren Inhalte besprochen. Am Ende k\u00f6nnen die Meinungen im Klassenverband ausgetauscht werden.<\/p>\n","protected":false},"excerpt":{"rendered":"<p>Methodenvielfalt ist die Basis f\u00fcr einen guten und abwechslungsreichen Unterricht. Mithilfe unterschiedlicher Methoden k\u00f6nnen die geplanten Themen und die damit verbundenen Inhalte effektiv vermittelt werden, auch finden damit die unterschiedlichen Lernvoraussetzungen und Interessen der Sch\u00fcler*innen Beachtung. &nbsp; Beispielhaft einige Methoden: &nbsp; Digitales Arbeiten Einsatz von Lernsoftware (GeoGebra in Mathematik, z.B. kann man mathematische Sachverhalte grafisch&hellip;<\/p>\n","protected":false},"author":1,"featured_media":0,"parent":0,"menu_order":0,"comment_status":"closed","ping_status":"closed","template":"","meta":{"ngg_post_thumbnail":0,"footnotes":""},"class_list":["post-5899","page","type-page","status-publish","hentry","description-off"],"_links":{"self":[{"href":"https:\/\/nmsorth.ac.at\/index.php?rest_route=\/wp\/v2\/pages\/5899","targetHints":{"allow":["GET"]}}],"collection":[{"href":"https:\/\/nmsorth.ac.at\/index.php?rest_route=\/wp\/v2\/pages"}],"about":[{"href":"https:\/\/nmsorth.ac.at\/index.php?rest_route=\/wp\/v2\/types\/page"}],"author":[{"embeddable":true,"href":"https:\/\/nmsorth.ac.at\/index.php?rest_route=\/wp\/v2\/users\/1"}],"replies":[{"embeddable":true,"href":"https:\/\/nmsorth.ac.at\/index.php?rest_route=%2Fwp%2Fv2%2Fcomments&post=5899"}],"version-history":[{"count":8,"href":"https:\/\/nmsorth.ac.at\/index.php?rest_route=\/wp\/v2\/pages\/5899\/revisions"}],"predecessor-version":[{"id":7612,"href":"https:\/\/nmsorth.ac.at\/index.php?rest_route=\/wp\/v2\/pages\/5899\/revisions\/7612"}],"wp:attachment":[{"href":"https:\/\/nmsorth.ac.at\/index.php?rest_route=%2Fwp%2Fv2%2Fmedia&parent=5899"}],"curies":[{"name":"wp","href":"https:\/\/api.w.org\/{rel}","templated":true}]}}