{"id":5986,"date":"2022-06-05T06:19:56","date_gmt":"2022-06-05T06:19:56","guid":{"rendered":"https:\/\/nmsorth.ac.at\/?page_id=5986"},"modified":"2022-06-05T06:19:56","modified_gmt":"2022-06-05T06:19:56","slug":"ibm-nawi","status":"publish","type":"page","link":"https:\/\/nmsorth.ac.at\/?page_id=5986","title":{"rendered":"IBM NAWI"},"content":{"rendered":"<p>Im Modul <em>Naturwissenschaften<\/em> werden physikalische, chemische und biologische Themen behandelt und verkn\u00fcpft. Die Natur und ihre Gesetze sowie Zusammenh\u00e4nge werden genauer unter die Lupe genommen. Durch Sch\u00fclerversuche werden naturwissenschaftliche Ph\u00e4nomene besser verstanden. Die Scheu vor Experimenten und technischem Equipment soll genommen werden. Versuche werden unter Anleitung selbstst\u00e4ndig durchgef\u00fchrt, Protokolle erarbeitet und der Spa\u00df am experimentellen Arbeiten soll gef\u00f6rdert werden.<\/p>\n","protected":false},"excerpt":{"rendered":"<p>Im Modul Naturwissenschaften werden physikalische, chemische und biologische Themen behandelt und verkn\u00fcpft. Die Natur und ihre Gesetze sowie Zusammenh\u00e4nge werden genauer unter die Lupe genommen. Durch Sch\u00fclerversuche werden naturwissenschaftliche Ph\u00e4nomene besser verstanden. Die Scheu vor Experimenten und technischem Equipment soll genommen werden. Versuche werden unter Anleitung selbstst\u00e4ndig durchgef\u00fchrt, Protokolle erarbeitet und der Spa\u00df am experimentellen&hellip;<\/p>\n","protected":false},"author":1,"featured_media":0,"parent":0,"menu_order":0,"comment_status":"closed","ping_status":"closed","template":"","meta":{"ngg_post_thumbnail":0,"footnotes":""},"class_list":["post-5986","page","type-page","status-publish","hentry","description-off"],"_links":{"self":[{"href":"https:\/\/nmsorth.ac.at\/index.php?rest_route=\/wp\/v2\/pages\/5986","targetHints":{"allow":["GET"]}}],"collection":[{"href":"https:\/\/nmsorth.ac.at\/index.php?rest_route=\/wp\/v2\/pages"}],"about":[{"href":"https:\/\/nmsorth.ac.at\/index.php?rest_route=\/wp\/v2\/types\/page"}],"author":[{"embeddable":true,"href":"https:\/\/nmsorth.ac.at\/index.php?rest_route=\/wp\/v2\/users\/1"}],"replies":[{"embeddable":true,"href":"https:\/\/nmsorth.ac.at\/index.php?rest_route=%2Fwp%2Fv2%2Fcomments&post=5986"}],"version-history":[{"count":1,"href":"https:\/\/nmsorth.ac.at\/index.php?rest_route=\/wp\/v2\/pages\/5986\/revisions"}],"predecessor-version":[{"id":5987,"href":"https:\/\/nmsorth.ac.at\/index.php?rest_route=\/wp\/v2\/pages\/5986\/revisions\/5987"}],"wp:attachment":[{"href":"https:\/\/nmsorth.ac.at\/index.php?rest_route=%2Fwp%2Fv2%2Fmedia&parent=5986"}],"curies":[{"name":"wp","href":"https:\/\/api.w.org\/{rel}","templated":true}]}}