{"id":5988,"date":"2022-06-05T06:21:52","date_gmt":"2022-06-05T06:21:52","guid":{"rendered":"https:\/\/nmsorth.ac.at\/?page_id=5988"},"modified":"2023-01-27T12:07:51","modified_gmt":"2023-01-27T12:07:51","slug":"sozialprojekt-ja-jung-und-alt","status":"publish","type":"page","link":"https:\/\/nmsorth.ac.at\/?page_id=5988","title":{"rendered":"IBM &#8222;JA, jung und alt!&#8220;"},"content":{"rendered":"<p>Im Modul <em>JA (Jung und Alt)<\/em> werden gemeinsame Aktivit\u00e4ten mit dem Pflege- und Betreuungszentrum Orth\/D. zur F\u00f6rderung der zwischenmenschlichen Beziehungen durchgef\u00fchrt. Es wird gebastelt, gemeinsam gespielt, gesungen und gelacht. Die Sch\u00fcler*innen erhalten einen Einblick in die Lebenswelt der \u00e4lteren Generation und lernen auch mit diversen altersbedingten Einschr\u00e4nkungen umzugehen und diese besser zu verstehen.&nbsp;<\/p>\n<p>Dieses Projekt entspricht den Kernkompetenzen des \u00d6sterreichischen Jugendrotkreuzes, da es humanit\u00e4re und soziale Bildung sowie die Selbst- und Sozialkompetenzen f\u00f6rdert.<\/p>\n","protected":false},"excerpt":{"rendered":"<p>Im Modul JA (Jung und Alt) werden gemeinsame Aktivit\u00e4ten mit dem Pflege- und Betreuungszentrum Orth\/D. zur F\u00f6rderung der zwischenmenschlichen Beziehungen durchgef\u00fchrt. Es wird gebastelt, gemeinsam gespielt, gesungen und gelacht. Die Sch\u00fcler*innen erhalten einen Einblick in die Lebenswelt der \u00e4lteren Generation und lernen auch mit diversen altersbedingten Einschr\u00e4nkungen umzugehen und diese besser zu verstehen.&nbsp; Dieses Projekt&hellip;<\/p>\n","protected":false},"author":1,"featured_media":0,"parent":0,"menu_order":0,"comment_status":"closed","ping_status":"closed","template":"","meta":{"ngg_post_thumbnail":0,"footnotes":""},"class_list":["post-5988","page","type-page","status-publish","hentry","description-off"],"_links":{"self":[{"href":"https:\/\/nmsorth.ac.at\/index.php?rest_route=\/wp\/v2\/pages\/5988","targetHints":{"allow":["GET"]}}],"collection":[{"href":"https:\/\/nmsorth.ac.at\/index.php?rest_route=\/wp\/v2\/pages"}],"about":[{"href":"https:\/\/nmsorth.ac.at\/index.php?rest_route=\/wp\/v2\/types\/page"}],"author":[{"embeddable":true,"href":"https:\/\/nmsorth.ac.at\/index.php?rest_route=\/wp\/v2\/users\/1"}],"replies":[{"embeddable":true,"href":"https:\/\/nmsorth.ac.at\/index.php?rest_route=%2Fwp%2Fv2%2Fcomments&post=5988"}],"version-history":[{"count":6,"href":"https:\/\/nmsorth.ac.at\/index.php?rest_route=\/wp\/v2\/pages\/5988\/revisions"}],"predecessor-version":[{"id":7933,"href":"https:\/\/nmsorth.ac.at\/index.php?rest_route=\/wp\/v2\/pages\/5988\/revisions\/7933"}],"wp:attachment":[{"href":"https:\/\/nmsorth.ac.at\/index.php?rest_route=%2Fwp%2Fv2%2Fmedia&parent=5988"}],"curies":[{"name":"wp","href":"https:\/\/api.w.org\/{rel}","templated":true}]}}