{"id":5990,"date":"2022-06-05T06:22:33","date_gmt":"2022-06-05T06:22:33","guid":{"rendered":"https:\/\/nmsorth.ac.at\/?page_id=5990"},"modified":"2022-08-21T17:00:33","modified_gmt":"2022-08-21T17:00:33","slug":"ibm-fussball","status":"publish","type":"page","link":"https:\/\/nmsorth.ac.at\/?page_id=5990","title":{"rendered":"IBM Fu\u00dfball"},"content":{"rendered":"<p>Ein Angebot f\u00fcr die Sch\u00fcler*innen der 5. bis 8. Schulstufe. Es gibt sowohl eine U13 als auch eine U15 \u2013 Mannschaft, die an bezirksweiten Turnieren teilnehmen. Um diese gut und erfolgreich bew\u00e4ltigen zu k\u00f6nnen, ist regelm\u00e4\u00dfiges Training notwendig. Technik und Taktik werden geschult, die Kondition gef\u00f6rdert und das Teamgef\u00fchl gest\u00e4rkt. Es k\u00f6nnen Anf\u00e4nger, Fortgeschrittene und Vereinsfu\u00dfballer teilnehmen.<\/p>\n<p><strong>&nbsp;<\/strong><\/p>\n","protected":false},"excerpt":{"rendered":"<p>Ein Angebot f\u00fcr die Sch\u00fcler*innen der 5. bis 8. Schulstufe. Es gibt sowohl eine U13 als auch eine U15 \u2013 Mannschaft, die an bezirksweiten Turnieren teilnehmen. Um diese gut und erfolgreich bew\u00e4ltigen zu k\u00f6nnen, ist regelm\u00e4\u00dfiges Training notwendig. Technik und Taktik werden geschult, die Kondition gef\u00f6rdert und das Teamgef\u00fchl gest\u00e4rkt. Es k\u00f6nnen Anf\u00e4nger, Fortgeschrittene und&hellip;<\/p>\n","protected":false},"author":1,"featured_media":0,"parent":0,"menu_order":0,"comment_status":"closed","ping_status":"closed","template":"","meta":{"ngg_post_thumbnail":0,"footnotes":""},"class_list":["post-5990","page","type-page","status-publish","hentry","description-off"],"_links":{"self":[{"href":"https:\/\/nmsorth.ac.at\/index.php?rest_route=\/wp\/v2\/pages\/5990","targetHints":{"allow":["GET"]}}],"collection":[{"href":"https:\/\/nmsorth.ac.at\/index.php?rest_route=\/wp\/v2\/pages"}],"about":[{"href":"https:\/\/nmsorth.ac.at\/index.php?rest_route=\/wp\/v2\/types\/page"}],"author":[{"embeddable":true,"href":"https:\/\/nmsorth.ac.at\/index.php?rest_route=\/wp\/v2\/users\/1"}],"replies":[{"embeddable":true,"href":"https:\/\/nmsorth.ac.at\/index.php?rest_route=%2Fwp%2Fv2%2Fcomments&post=5990"}],"version-history":[{"count":2,"href":"https:\/\/nmsorth.ac.at\/index.php?rest_route=\/wp\/v2\/pages\/5990\/revisions"}],"predecessor-version":[{"id":6943,"href":"https:\/\/nmsorth.ac.at\/index.php?rest_route=\/wp\/v2\/pages\/5990\/revisions\/6943"}],"wp:attachment":[{"href":"https:\/\/nmsorth.ac.at\/index.php?rest_route=%2Fwp%2Fv2%2Fmedia&parent=5990"}],"curies":[{"name":"wp","href":"https:\/\/api.w.org\/{rel}","templated":true}]}}