{"id":5994,"date":"2022-06-05T06:24:54","date_gmt":"2022-06-05T06:24:54","guid":{"rendered":"https:\/\/nmsorth.ac.at\/?page_id=5994"},"modified":"2022-08-21T16:58:28","modified_gmt":"2022-08-21T16:58:28","slug":"ibm-blaeserklasse","status":"publish","type":"page","link":"https:\/\/nmsorth.ac.at\/?page_id=5994","title":{"rendered":"IBM Bl\u00e4serklasse"},"content":{"rendered":"<p>Seit dem Schuljahr 2006\/07 gibt es eine Kooperation zwischen der Mittelschule Orth und der<br \/>\nMusikschule Orth in Form einer Bl\u00e4serklasse. Das bedeutet: Ein Lehrer der Musikschule<br \/>\nunterrichtet am Vormittag Sch\u00fcler*innen der MS, die an der Bl\u00e4serklasse teilnehmen<br \/>\n(eine Unterrichtseinheit, 1x pro Woche). Dazu wurde an der N\u00d6 IMS ein eigener Proberaum eingerichtet.<\/p>\n<p>Die Bl\u00e4serklasse hat jedes Jahr einige Auftritte, z. B.: Weihnachtsfeier in der IMS,<br \/>\nBl\u00e4serklassen-Crossover der Musikschule im Meierhof, Schulschlussfeier der IMS, u. a. m.&nbsp;&nbsp;&nbsp;&nbsp;&nbsp;&nbsp;&nbsp;&nbsp;&nbsp;<\/p>\n<p>Ensembleleiter: Mario Nentwich, BA<\/p>\n","protected":false},"excerpt":{"rendered":"<p>Seit dem Schuljahr 2006\/07 gibt es eine Kooperation zwischen der Mittelschule Orth und der Musikschule Orth in Form einer Bl\u00e4serklasse. Das bedeutet: Ein Lehrer der Musikschule unterrichtet am Vormittag Sch\u00fcler*innen der MS, die an der Bl\u00e4serklasse teilnehmen (eine Unterrichtseinheit, 1x pro Woche). Dazu wurde an der N\u00d6 IMS ein eigener Proberaum eingerichtet. Die Bl\u00e4serklasse hat&hellip;<\/p>\n","protected":false},"author":1,"featured_media":0,"parent":0,"menu_order":0,"comment_status":"closed","ping_status":"closed","template":"","meta":{"ngg_post_thumbnail":0,"footnotes":""},"class_list":["post-5994","page","type-page","status-publish","hentry","description-off"],"_links":{"self":[{"href":"https:\/\/nmsorth.ac.at\/index.php?rest_route=\/wp\/v2\/pages\/5994","targetHints":{"allow":["GET"]}}],"collection":[{"href":"https:\/\/nmsorth.ac.at\/index.php?rest_route=\/wp\/v2\/pages"}],"about":[{"href":"https:\/\/nmsorth.ac.at\/index.php?rest_route=\/wp\/v2\/types\/page"}],"author":[{"embeddable":true,"href":"https:\/\/nmsorth.ac.at\/index.php?rest_route=\/wp\/v2\/users\/1"}],"replies":[{"embeddable":true,"href":"https:\/\/nmsorth.ac.at\/index.php?rest_route=%2Fwp%2Fv2%2Fcomments&post=5994"}],"version-history":[{"count":2,"href":"https:\/\/nmsorth.ac.at\/index.php?rest_route=\/wp\/v2\/pages\/5994\/revisions"}],"predecessor-version":[{"id":6940,"href":"https:\/\/nmsorth.ac.at\/index.php?rest_route=\/wp\/v2\/pages\/5994\/revisions\/6940"}],"wp:attachment":[{"href":"https:\/\/nmsorth.ac.at\/index.php?rest_route=%2Fwp%2Fv2%2Fmedia&parent=5994"}],"curies":[{"name":"wp","href":"https:\/\/api.w.org\/{rel}","templated":true}]}}