{"id":5996,"date":"2022-06-05T06:25:31","date_gmt":"2022-06-05T06:25:31","guid":{"rendered":"https:\/\/nmsorth.ac.at\/?page_id=5996"},"modified":"2022-08-21T17:01:26","modified_gmt":"2022-08-21T17:01:26","slug":"ibm-mathe-plus-gemometrisches-zeichnen","status":"publish","type":"page","link":"https:\/\/nmsorth.ac.at\/?page_id=5996","title":{"rendered":"IBM Mathe PLUS + Gemometrisches Zeichnen"},"content":{"rendered":"<p>Dieses Modul richtet sich an Sch\u00fcler*innen, die eine technische Lehre anstreben, eine technische Fachschule oder eine H\u00f6here Technische Lehranstalt (HTL) besuchen m\u00f6chten.<\/p>\n<p>Ziel ist es, einen anderen Blick auf die Mathematik zu gewinnen und das logische Denken zu schulen. Wichtig ist dabei auch, sich Wissen im Geometrischen Zeichnen anzueignen, Probleml\u00f6sungsstrategien zu trainieren und das Raumverst\u00e4ndnis zu erweitern. Es werden unter anderem geometrische Zeichnungen angefertigt, wie sie etwa in der Technik f\u00fcr Baupl\u00e4ne ben\u00f6tigt werden. Genauigkeit und Sorgfalt werden geschult.<\/p>\n<p><strong>&nbsp;<\/strong><\/p>\n","protected":false},"excerpt":{"rendered":"<p>Dieses Modul richtet sich an Sch\u00fcler*innen, die eine technische Lehre anstreben, eine technische Fachschule oder eine H\u00f6here Technische Lehranstalt (HTL) besuchen m\u00f6chten. Ziel ist es, einen anderen Blick auf die Mathematik zu gewinnen und das logische Denken zu schulen. Wichtig ist dabei auch, sich Wissen im Geometrischen Zeichnen anzueignen, Probleml\u00f6sungsstrategien zu trainieren und das Raumverst\u00e4ndnis&hellip;<\/p>\n","protected":false},"author":1,"featured_media":0,"parent":0,"menu_order":0,"comment_status":"closed","ping_status":"closed","template":"","meta":{"ngg_post_thumbnail":0,"footnotes":""},"class_list":["post-5996","page","type-page","status-publish","hentry","description-off"],"_links":{"self":[{"href":"https:\/\/nmsorth.ac.at\/index.php?rest_route=\/wp\/v2\/pages\/5996","targetHints":{"allow":["GET"]}}],"collection":[{"href":"https:\/\/nmsorth.ac.at\/index.php?rest_route=\/wp\/v2\/pages"}],"about":[{"href":"https:\/\/nmsorth.ac.at\/index.php?rest_route=\/wp\/v2\/types\/page"}],"author":[{"embeddable":true,"href":"https:\/\/nmsorth.ac.at\/index.php?rest_route=\/wp\/v2\/users\/1"}],"replies":[{"embeddable":true,"href":"https:\/\/nmsorth.ac.at\/index.php?rest_route=%2Fwp%2Fv2%2Fcomments&post=5996"}],"version-history":[{"count":2,"href":"https:\/\/nmsorth.ac.at\/index.php?rest_route=\/wp\/v2\/pages\/5996\/revisions"}],"predecessor-version":[{"id":6944,"href":"https:\/\/nmsorth.ac.at\/index.php?rest_route=\/wp\/v2\/pages\/5996\/revisions\/6944"}],"wp:attachment":[{"href":"https:\/\/nmsorth.ac.at\/index.php?rest_route=%2Fwp%2Fv2%2Fmedia&parent=5996"}],"curies":[{"name":"wp","href":"https:\/\/api.w.org\/{rel}","templated":true}]}}