{"id":6000,"date":"2022-06-05T06:26:59","date_gmt":"2022-06-05T06:26:59","guid":{"rendered":"https:\/\/nmsorth.ac.at\/?page_id=6000"},"modified":"2022-08-21T16:59:12","modified_gmt":"2022-08-21T16:59:12","slug":"ibm-deutsch-kreativ","status":"publish","type":"page","link":"https:\/\/nmsorth.ac.at\/?page_id=6000","title":{"rendered":"IBM Deutsch kreativ"},"content":{"rendered":"<p>In diesem Modul soll die Freude im Umgang mit Sprache geweckt werden, dabei steht die m\u00fcndliche Kommunikation im Vordergrund. Trainiert wird unter anderem die Ausdrucksf\u00e4higkeit, um in der zuk\u00fcnftigen Berufswelt bessere Chancen zu haben. Unterschiedliche Zug\u00e4nge (z. B.: Rollenspiele, Rap, Stopmotion, &#8230;) bieten daf\u00fcr ein abwechslungsreiches Angebot. Weiterer Bestandteil ist die vertiefende Wiederholung von Teilbereichen der Rechtschreibung und Grammatik.<\/p>\n<p>Dieses Modul ist f\u00fcr Sch\u00fcler*innen gedacht, die eine weiterf\u00fchrende Schule anstreben (AHS, BMS, HAK, HAS, BAfEP, BASOP, &#8230;) oder eine Lehre im kaufm\u00e4nnischen Bereich bzw. im Dienstleistungssektor absolvieren wollen.<\/p>\n<p><strong>&nbsp;<\/strong><\/p>\n","protected":false},"excerpt":{"rendered":"<p>In diesem Modul soll die Freude im Umgang mit Sprache geweckt werden, dabei steht die m\u00fcndliche Kommunikation im Vordergrund. Trainiert wird unter anderem die Ausdrucksf\u00e4higkeit, um in der zuk\u00fcnftigen Berufswelt bessere Chancen zu haben. Unterschiedliche Zug\u00e4nge (z. B.: Rollenspiele, Rap, Stopmotion, &#8230;) bieten daf\u00fcr ein abwechslungsreiches Angebot. Weiterer Bestandteil ist die vertiefende Wiederholung von Teilbereichen&hellip;<\/p>\n","protected":false},"author":1,"featured_media":0,"parent":0,"menu_order":0,"comment_status":"closed","ping_status":"closed","template":"","meta":{"ngg_post_thumbnail":0,"footnotes":""},"class_list":["post-6000","page","type-page","status-publish","hentry","description-off"],"_links":{"self":[{"href":"https:\/\/nmsorth.ac.at\/index.php?rest_route=\/wp\/v2\/pages\/6000","targetHints":{"allow":["GET"]}}],"collection":[{"href":"https:\/\/nmsorth.ac.at\/index.php?rest_route=\/wp\/v2\/pages"}],"about":[{"href":"https:\/\/nmsorth.ac.at\/index.php?rest_route=\/wp\/v2\/types\/page"}],"author":[{"embeddable":true,"href":"https:\/\/nmsorth.ac.at\/index.php?rest_route=\/wp\/v2\/users\/1"}],"replies":[{"embeddable":true,"href":"https:\/\/nmsorth.ac.at\/index.php?rest_route=%2Fwp%2Fv2%2Fcomments&post=6000"}],"version-history":[{"count":2,"href":"https:\/\/nmsorth.ac.at\/index.php?rest_route=\/wp\/v2\/pages\/6000\/revisions"}],"predecessor-version":[{"id":6941,"href":"https:\/\/nmsorth.ac.at\/index.php?rest_route=\/wp\/v2\/pages\/6000\/revisions\/6941"}],"wp:attachment":[{"href":"https:\/\/nmsorth.ac.at\/index.php?rest_route=%2Fwp%2Fv2%2Fmedia&parent=6000"}],"curies":[{"name":"wp","href":"https:\/\/api.w.org\/{rel}","templated":true}]}}