{"id":6007,"date":"2022-06-05T06:42:50","date_gmt":"2022-06-05T06:42:50","guid":{"rendered":"https:\/\/nmsorth.ac.at\/?page_id=6007"},"modified":"2022-08-31T06:20:17","modified_gmt":"2022-08-31T06:20:17","slug":"was-andere-ueber-uns-sagen","status":"publish","type":"page","link":"https:\/\/nmsorth.ac.at\/?page_id=6007","title":{"rendered":"Was andere \u00fcber uns sagen"},"content":{"rendered":"<blockquote><p>&#8222;Die M\u00f6glichkeit den Computerf\u00fchrerschein an der MS Orth machen zu k\u00f6nnen, war wichtig f\u00fcr mich. Ich erhielt dadurch Kompetenzen, von denen ich in den n\u00e4chsten Schulen noch sehr profitiert habe. Selbst am TGM konnte ich lange von meinen IT-Kenntnissen profitieren und ich hatte einen Vorsprung gegen\u00fcber den anderen Schulkolleg*innen.&#8220; <em>Florian Nadler, Absolvent 2015<\/em><\/p><\/blockquote>\n<p>&nbsp;<\/p>\n<blockquote><p>&#8222;Differenziertes Herangehen an die Kinder in den entsprechenden Lernniveaus sind sehr hilfreich und damit schafft die MS Orth eine sehr treffsichere Unterst\u00fctzung und F\u00f6rderung bzw. Forderung aller Schulkinder. Das hat f\u00fcr meine beiden Schulkinder gut gepasst und auch schon f\u00fcr mich.&#8220;<em> Bernd Neugschwendtner, Vater zweier Kinder<\/em><\/p><\/blockquote>\n<p>&nbsp;<\/p>\n<blockquote><p>&#8222;Meine Schulzeit an der MS Orth habe ich sehr gut in Erinnerung. Auf alle Sch\u00fcler*innen wurde individuell eingegangen und bis heute haben wir noch Kontakt in der Klasse und mit den Klassenlehrerinnen. Sehr hilfreich waren die vielf\u00e4ltigen Angebote bei der Berufsorientierung, da konnte man sich ein gutes Bild machen, was zu einem passt. Besuche im Altenheim, bei der Bank und vieles weitere gaben einen guten Einblick.&#8220; <em>Lisa Maas, Absolventin 2019<\/em><\/p><\/blockquote>\n<p>&nbsp;<\/p>\n<blockquote><p>&#8222;Schon zu meiner Zeit hat sich die MS Orth durch einen sehr famili\u00e4ren Zugang ausgezeichnet. Als Kind f\u00fchlt man sich sehr wohl an der Schule. Schon damals war das Angebot sehr breit und passend f\u00fcr alle Sch\u00fcler*innen. Als Ansprechpartnerin bei der Raika erlebe ich diese Vorz\u00fcge auch weiterhin, es ist sch\u00f6n zu sehen, dass sich die Angebotspalette st\u00e4ndig erweitert und den Interessen der Kinder gut angepasst wird. Es freut mich, dass ich die Schule aus der neuen Rolle unterst\u00fctzten darf und mit ihr weiter in Verbindung stehe.&#8220; <em>Lisa Miksch, Absolventin 2006 und Kooperationspartner Raika Orth\/D.<\/em><\/p><\/blockquote>\n<p>&nbsp;<\/p>\n<blockquote><p>&#8222;Das vielf\u00e4ltige Angebot an der MS Orth war gro\u00dfartig. Neben den \u00fcblichen Angeboten wie Schikurse, Projektwochen, Eislaufen, waren die vielen kreativen M\u00f6glichkeiten sehr breit gef\u00e4chert &#8211; f\u00fcr mich besonders wichtig war die Bl\u00e4serklasse. Auch das N\u00fctzen der direkten regionalen Angebote vom Nationalpark waren f\u00fcr mich als Sch\u00fclerin sehr motivierend. Ein Highlight war auch die selbstgestaltete Modeschau!&#8220; A<em>lexandra Karner, Absolventin 2015<\/em><\/p><\/blockquote>\n","protected":false},"excerpt":{"rendered":"<p>&#8222;Die M\u00f6glichkeit den Computerf\u00fchrerschein an der MS Orth machen zu k\u00f6nnen, war wichtig f\u00fcr mich. Ich erhielt dadurch Kompetenzen, von denen ich in den n\u00e4chsten Schulen noch sehr profitiert habe. Selbst am TGM konnte ich lange von meinen IT-Kenntnissen profitieren und ich hatte einen Vorsprung gegen\u00fcber den anderen Schulkolleg*innen.&#8220; Florian Nadler, Absolvent 2015 &nbsp; &#8222;Differenziertes&hellip;<\/p>\n","protected":false},"author":1,"featured_media":0,"parent":0,"menu_order":0,"comment_status":"closed","ping_status":"closed","template":"","meta":{"ngg_post_thumbnail":0,"footnotes":""},"class_list":["post-6007","page","type-page","status-publish","hentry","description-off"],"_links":{"self":[{"href":"https:\/\/nmsorth.ac.at\/index.php?rest_route=\/wp\/v2\/pages\/6007","targetHints":{"allow":["GET"]}}],"collection":[{"href":"https:\/\/nmsorth.ac.at\/index.php?rest_route=\/wp\/v2\/pages"}],"about":[{"href":"https:\/\/nmsorth.ac.at\/index.php?rest_route=\/wp\/v2\/types\/page"}],"author":[{"embeddable":true,"href":"https:\/\/nmsorth.ac.at\/index.php?rest_route=\/wp\/v2\/users\/1"}],"replies":[{"embeddable":true,"href":"https:\/\/nmsorth.ac.at\/index.php?rest_route=%2Fwp%2Fv2%2Fcomments&post=6007"}],"version-history":[{"count":7,"href":"https:\/\/nmsorth.ac.at\/index.php?rest_route=\/wp\/v2\/pages\/6007\/revisions"}],"predecessor-version":[{"id":6980,"href":"https:\/\/nmsorth.ac.at\/index.php?rest_route=\/wp\/v2\/pages\/6007\/revisions\/6980"}],"wp:attachment":[{"href":"https:\/\/nmsorth.ac.at\/index.php?rest_route=%2Fwp%2Fv2%2Fmedia&parent=6007"}],"curies":[{"name":"wp","href":"https:\/\/api.w.org\/{rel}","templated":true}]}}