{"id":6056,"date":"2022-06-05T08:54:17","date_gmt":"2022-06-05T08:54:17","guid":{"rendered":"https:\/\/nmsorth.ac.at\/?page_id=6056"},"modified":"2025-12-15T10:23:39","modified_gmt":"2025-12-15T10:23:39","slug":"nachmittagsbetreuerin","status":"publish","type":"page","link":"https:\/\/nmsorth.ac.at\/?page_id=6056","title":{"rendered":"Nachmittagsbetreuung"},"content":{"rendered":"<div class=\"wpb-content-wrapper\"><p>[vc_row][vc_column][vc_column_text css=&#8220;&#8220;]F\u00fcr die Gestaltung der Nachmittagsbetreuung<\/p>\n<p>ist Frau <strong>Gerlinde Steiger <\/strong>verantwortlich.<\/p>\n<p><em><img loading=\"lazy\" decoding=\"async\" class=\"alignnone wp-image-13044\" src=\"https:\/\/nmsorth.ac.at\/wp-content\/uploads\/2025\/12\/29400213-683x1024.jpg\" alt=\"\" width=\"235\" height=\"352\" srcset=\"https:\/\/nmsorth.ac.at\/wp-content\/uploads\/2025\/12\/29400213-683x1024.jpg 683w, https:\/\/nmsorth.ac.at\/wp-content\/uploads\/2025\/12\/29400213-200x300.jpg 200w, https:\/\/nmsorth.ac.at\/wp-content\/uploads\/2025\/12\/29400213-768x1152.jpg 768w, https:\/\/nmsorth.ac.at\/wp-content\/uploads\/2025\/12\/29400213-1024x1536.jpg 1024w, https:\/\/nmsorth.ac.at\/wp-content\/uploads\/2025\/12\/29400213-1365x2048.jpg 1365w, https:\/\/nmsorth.ac.at\/wp-content\/uploads\/2025\/12\/29400213-scaled.jpg 1707w\" sizes=\"auto, (max-width: 235px) 100vw, 235px\" \/><\/em><\/p>\n<p><em>&#8222;Die Arbeit in der Nachmittagsbetreuung ist f\u00fcr mich sehr erf\u00fcllend. Vor allem das gemeinsame Agieren mit Kindern und immer wieder Neues zu erleben sch\u00e4tze ich sehr. Dabei sind f\u00fcr mich die Individualit\u00e4t und die Gemeinschaftlichkeit wesentliche Punkte.&#8220;<\/em><\/p>\n<p>&nbsp;<\/p>\n<p><strong>???<\/strong> unterst\u00fctzt in der Nachmittagsbetreuung.<\/p>\n<p><img loading=\"lazy\" decoding=\"async\" class=\"alignnone wp-image-6965\" src=\"https:\/\/nmsorth.ac.at\/wp-content\/uploads\/2022\/08\/Platzhalter-Profilbild.png\" alt=\"\" width=\"233\" height=\"233\" srcset=\"https:\/\/nmsorth.ac.at\/wp-content\/uploads\/2022\/08\/Platzhalter-Profilbild.png 298w, https:\/\/nmsorth.ac.at\/wp-content\/uploads\/2022\/08\/Platzhalter-Profilbild-150x150.png 150w\" sizes=\"auto, (max-width: 233px) 100vw, 233px\" \/><\/p>\n<p>Den Mittagstisch betreuen abwechselnd <strong>Clemens Leitner<\/strong> und <strong>Roland Macher<\/strong>.<\/p>\n<p><img loading=\"lazy\" decoding=\"async\" class=\"alignnone wp-image-13045\" src=\"https:\/\/nmsorth.ac.at\/wp-content\/uploads\/2025\/12\/29400210-683x1024.jpg\" alt=\"\" width=\"235\" height=\"352\" srcset=\"https:\/\/nmsorth.ac.at\/wp-content\/uploads\/2025\/12\/29400210-683x1024.jpg 683w, https:\/\/nmsorth.ac.at\/wp-content\/uploads\/2025\/12\/29400210-200x300.jpg 200w, https:\/\/nmsorth.ac.at\/wp-content\/uploads\/2025\/12\/29400210-768x1152.jpg 768w, https:\/\/nmsorth.ac.at\/wp-content\/uploads\/2025\/12\/29400210-1024x1536.jpg 1024w, https:\/\/nmsorth.ac.at\/wp-content\/uploads\/2025\/12\/29400210-1365x2048.jpg 1365w, https:\/\/nmsorth.ac.at\/wp-content\/uploads\/2025\/12\/29400210-scaled.jpg 1707w\" sizes=\"auto, (max-width: 235px) 100vw, 235px\" \/>&nbsp; &nbsp; <img loading=\"lazy\" decoding=\"async\" class=\"alignnone wp-image-13046\" src=\"https:\/\/nmsorth.ac.at\/wp-content\/uploads\/2025\/12\/29400216-683x1024.jpg\" alt=\"\" width=\"235\" height=\"352\" srcset=\"https:\/\/nmsorth.ac.at\/wp-content\/uploads\/2025\/12\/29400216-683x1024.jpg 683w, https:\/\/nmsorth.ac.at\/wp-content\/uploads\/2025\/12\/29400216-200x300.jpg 200w, https:\/\/nmsorth.ac.at\/wp-content\/uploads\/2025\/12\/29400216-768x1152.jpg 768w, https:\/\/nmsorth.ac.at\/wp-content\/uploads\/2025\/12\/29400216-1024x1536.jpg 1024w, https:\/\/nmsorth.ac.at\/wp-content\/uploads\/2025\/12\/29400216-1365x2048.jpg 1365w, https:\/\/nmsorth.ac.at\/wp-content\/uploads\/2025\/12\/29400216-scaled.jpg 1707w\" sizes=\"auto, (max-width: 235px) 100vw, 235px\" \/><\/p>\n<p>&nbsp;<\/p>\n<p>Erreichbarkeit der Nachmittagsbetreuung: 0677\/61 78 44 79<\/p>\n<p>&nbsp;<\/p>\n<p><a href=\"https:\/\/nmsorth.ac.at\/wp-content\/uploads\/2022\/06\/Nachmittagsbetreuung_24-25.pdf\"><u>Anmeldeformular<\/u><\/a>[\/vc_column_text][\/vc_column][\/vc_row]<\/p>\n<\/div>","protected":false},"excerpt":{"rendered":"<p>[vc_row][vc_column][vc_column_text css=&#8220;&#8220;]F\u00fcr die Gestaltung der Nachmittagsbetreuung ist Frau Gerlinde Steiger verantwortlich. &#8222;Die Arbeit in der Nachmittagsbetreuung ist f\u00fcr mich sehr erf\u00fcllend. Vor allem das gemeinsame Agieren mit Kindern und immer wieder Neues zu erleben sch\u00e4tze ich sehr. Dabei sind f\u00fcr mich die Individualit\u00e4t und die Gemeinschaftlichkeit wesentliche Punkte.&#8220; &nbsp; ??? unterst\u00fctzt in der Nachmittagsbetreuung. Den&hellip;<\/p>\n","protected":false},"author":1,"featured_media":0,"parent":0,"menu_order":0,"comment_status":"closed","ping_status":"closed","template":"","meta":{"ngg_post_thumbnail":0,"footnotes":""},"class_list":["post-6056","page","type-page","status-publish","hentry","description-off"],"_links":{"self":[{"href":"https:\/\/nmsorth.ac.at\/index.php?rest_route=\/wp\/v2\/pages\/6056","targetHints":{"allow":["GET"]}}],"collection":[{"href":"https:\/\/nmsorth.ac.at\/index.php?rest_route=\/wp\/v2\/pages"}],"about":[{"href":"https:\/\/nmsorth.ac.at\/index.php?rest_route=\/wp\/v2\/types\/page"}],"author":[{"embeddable":true,"href":"https:\/\/nmsorth.ac.at\/index.php?rest_route=\/wp\/v2\/users\/1"}],"replies":[{"embeddable":true,"href":"https:\/\/nmsorth.ac.at\/index.php?rest_route=%2Fwp%2Fv2%2Fcomments&post=6056"}],"version-history":[{"count":21,"href":"https:\/\/nmsorth.ac.at\/index.php?rest_route=\/wp\/v2\/pages\/6056\/revisions"}],"predecessor-version":[{"id":13047,"href":"https:\/\/nmsorth.ac.at\/index.php?rest_route=\/wp\/v2\/pages\/6056\/revisions\/13047"}],"wp:attachment":[{"href":"https:\/\/nmsorth.ac.at\/index.php?rest_route=%2Fwp%2Fv2%2Fmedia&parent=6056"}],"curies":[{"name":"wp","href":"https:\/\/api.w.org\/{rel}","templated":true}]}}