{"id":7748,"date":"2022-12-13T11:26:45","date_gmt":"2022-12-13T11:26:45","guid":{"rendered":"https:\/\/nmsorth.ac.at\/?page_id=7748"},"modified":"2023-01-09T07:45:07","modified_gmt":"2023-01-09T07:45:07","slug":"oekolog","status":"publish","type":"page","link":"https:\/\/nmsorth.ac.at\/?page_id=7748","title":{"rendered":"\u00d6kolog"},"content":{"rendered":"<p>Wir sch\u00e4tzen unser l\u00e4ndliches Umfeld und achten besonders auf einen ressourcenschonenden Umgang mit unserer Umwelt. Dies zeigt sich auch immer wieder in unserer Arbeit und unseren Projekten.<\/p>\n<p>Zwei dieser Projekte haben wir f\u00fcr die \u00d6KOLOG-Zertifizierung eingereicht:<\/p>\n<p>&nbsp;<\/p>\n<p><strong>Amphibien-Artenschutzprojekt <\/strong><\/p>\n<p>Bereits seit 2012 d\u00fcrfen wir am Amphibien-Artenschutzprojekt, welches in Kooperation mit dem Nationalpark Donau-Auen und der \u00d6sterreichischen Bundesforste stattfindet, mitwirken. Auch in diesem Schuljahr nehmen wir an diesem bereits traditionellen Projekt teil. Engagierte Sch\u00fcler*innen der 2. Klassen werden entlang des errichteten Amphibien-Schutzzauns die in K\u00fcbelfallen gesammelten Tiere bestimmen, protokollieren und anschlie\u00dfend sicher \u00fcber die Stra\u00dfe transportieren. Aufgrund der Zerst\u00f6rung der Lebensr\u00e4ume, ist es von gro\u00dfer Bedeutung, die ans\u00e4ssige Amphibienpopulation vor Gefahren zu sch\u00fctzen.<\/p>\n<p>&nbsp;<\/p>\n<p><strong>M\u00fcllsammeln und M\u00fcllrecycling <\/strong><\/p>\n<p>Natur, Umwelt und M\u00fcllrecycling sind uns wichtig! Aus diesem Grund werden die Sch\u00fcler*innen der 3. Klassen eine M\u00fcllsammelaktion in Kooperation mit dem Nationalpark Donau-Auen starten. Entlang der Donauufer im Nationalpark werden wir den entsorgten M\u00fcll einsammeln, bestimmen und protokollierten.<\/p>\n<p>&nbsp;<\/p>\n<p>Mehr Information zu \u00d6KOLOG:<a href=\"https:\/\/www.oekolog.at\/\"> https:\/\/www.oekolog.at\/<\/a><\/p>\n","protected":false},"excerpt":{"rendered":"<p>Wir sch\u00e4tzen unser l\u00e4ndliches Umfeld und achten besonders auf einen ressourcenschonenden Umgang mit unserer Umwelt. Dies zeigt sich auch immer wieder in unserer Arbeit und unseren Projekten. Zwei dieser Projekte haben wir f\u00fcr die \u00d6KOLOG-Zertifizierung eingereicht: &nbsp; Amphibien-Artenschutzprojekt Bereits seit 2012 d\u00fcrfen wir am Amphibien-Artenschutzprojekt, welches in Kooperation mit dem Nationalpark Donau-Auen und der \u00d6sterreichischen&hellip;<\/p>\n","protected":false},"author":7,"featured_media":0,"parent":0,"menu_order":0,"comment_status":"closed","ping_status":"closed","template":"","meta":{"ngg_post_thumbnail":0,"footnotes":""},"class_list":["post-7748","page","type-page","status-publish","hentry","description-off"],"_links":{"self":[{"href":"https:\/\/nmsorth.ac.at\/index.php?rest_route=\/wp\/v2\/pages\/7748","targetHints":{"allow":["GET"]}}],"collection":[{"href":"https:\/\/nmsorth.ac.at\/index.php?rest_route=\/wp\/v2\/pages"}],"about":[{"href":"https:\/\/nmsorth.ac.at\/index.php?rest_route=\/wp\/v2\/types\/page"}],"author":[{"embeddable":true,"href":"https:\/\/nmsorth.ac.at\/index.php?rest_route=\/wp\/v2\/users\/7"}],"replies":[{"embeddable":true,"href":"https:\/\/nmsorth.ac.at\/index.php?rest_route=%2Fwp%2Fv2%2Fcomments&post=7748"}],"version-history":[{"count":4,"href":"https:\/\/nmsorth.ac.at\/index.php?rest_route=\/wp\/v2\/pages\/7748\/revisions"}],"predecessor-version":[{"id":7904,"href":"https:\/\/nmsorth.ac.at\/index.php?rest_route=\/wp\/v2\/pages\/7748\/revisions\/7904"}],"wp:attachment":[{"href":"https:\/\/nmsorth.ac.at\/index.php?rest_route=%2Fwp%2Fv2%2Fmedia&parent=7748"}],"curies":[{"name":"wp","href":"https:\/\/api.w.org\/{rel}","templated":true}]}}