{"id":8887,"date":"2023-09-23T13:48:53","date_gmt":"2023-09-23T13:48:53","guid":{"rendered":"https:\/\/nmsorth.ac.at\/?page_id=8887"},"modified":"2023-10-17T10:02:39","modified_gmt":"2023-10-17T10:02:39","slug":"renaissancegarten","status":"publish","type":"page","link":"https:\/\/nmsorth.ac.at\/?page_id=8887","title":{"rendered":"Renaissancegarten"},"content":{"rendered":"<p class=\"western\"><span style=\"font-family: Arial, serif;\"><span style=\"font-size: x-large;\"><b>Ein Renaissancegarten \u201dZitat\u201d<\/b><\/span><\/span><\/p>\n<p class=\"western\"><span style=\"font-family: Arial, serif;\"><span style=\"font-size: medium;\">In Kooperation mit dem museumORTH verwirklichten im Schuljahr 2012 Sch\u00fcler*innen der Mittelschule Orth\/D. ein Gartenprojekt, das einen direkten Zugang zum nachbarschaftlichen Schlosskomplex und zu kulturgeschichtlichen Vorg\u00e4ngen vor rund 500 Jahren er\u00f6ffnen sollte.<\/span><\/span><\/p>\n<p>&nbsp;<\/p>\n<p class=\"western\"><span style=\"font-family: Arial, serif;\"><span style=\"font-size: medium;\"><b>Historischer Hintergrund<\/b><\/span><\/span><\/p>\n<p class=\"western\"><span style=\"font-family: Arial, serif;\"><span style=\"font-size: medium;\">In die fast vergessene Bl\u00fctezeit des Orther Schlosses (ab 1520 im Besitz von Niklas Graf Salm I. \u2013 Verteidiger der T\u00fcrkenbelagerung von Wien 1529) f\u00e4llt die schriftliche Erw\u00e4hnung der lang unbemerkten Anlage eines Renaissancegartens: <strong><em>\u201eErstlich ein sch\u00f6ner gro\u00dfer Lustgarten gegen dem Schlo\u00df \u00fcber\u2026\u201c<\/em><\/strong> (Urbar von 1568).<\/span><\/span><\/p>\n<p class=\"western\"><span style=\"font-family: Arial, serif;\"><span style=\"font-size: medium;\">Das gesamte Schulareal war im 16. Jahrhundert somit Teil eines gro\u00dfen Gartens, der zum Schloss Orth geh\u00f6rte. Hier wuchsen nicht nur Nutzpflanzen, die Gartenanlage sollte nach der neuesten Renaissancemode auch Lust machen, sich darin aufzuhalten, spazieren zu gehen oder Feste zu feiern. Die dahintersteckende Grundidee war, dass man gleichzeitig mit der Natur auch seinen Geist \u201egestaltet und pflegt\u201c.<\/span><\/span><\/p>\n<p>&nbsp;<\/p>\n<p class=\"western\"><span style=\"font-family: Arial, serif;\"><span style=\"font-size: medium;\"><b>Projektinhalt<\/b><\/span><\/span><\/p>\n<p class=\"western\"><span style=\"font-family: Arial, serif;\"><span style=\"font-size: medium;\">In einem Teil der Schulwiese (im Ausma\u00df von 7 x 7 Meter) wurde von einer Sch\u00fclergruppe in Zusammenarbeit mit dem museumORTH ein <\/span><\/span><span style=\"font-family: Arial, serif;\"><span style=\"font-size: medium;\">\u201c<\/span><\/span><span style=\"font-family: Arial, serif;\"><span style=\"font-size: medium;\">Zitat\u201d auf den historischen Garten realisiert. Das bedeutete: Fasziniert von der Tatsache, beim Lernen eigentlich auf einem historischen Gartengel\u00e4nde zu sitzen, wurde beschlossen, in einem Teil der Schulwiese ein kleines St\u00fcckchen Garten anzulegen, das an den damals vorhandenen gro\u00dfen Nutz- und Lustgarten erinnert.<\/span><\/span><\/p>\nngg_shortcode_0_placeholder\n<p class=\"western\"><span style=\"font-family: Arial, serif;\"><span style=\"font-size: medium;\">Im Mittelpunkt des Projekts stand die praktische Besch\u00e4ftigung mit Gartenkultur inklusive der bewussten Auseinandersetzung mit den damals neuen Pflanzentypen und den Entdeckungen der fr\u00fchen Neuzeit. Neben der Pflanzung von typischen Blumen- und Gem\u00fcsesorten der \u201eAlten und der Neuen Welt\u201c wurde auch Safran angebaut, der ebenso in einer Schlossurkunde von 1568 mit besonderer Qualit\u00e4t erw\u00e4hnt wird.<\/span><\/span><\/p>\nngg_shortcode_1_placeholder\n<p class=\"western\"><span style=\"font-family: Arial, serif;\"><span style=\"font-size: medium;\">Als zus\u00e4tzliches Highlight wurden gemeinsam mit dem Keramikk\u00fcnstler Georg Niemann Terrakotta-Fliesen mit Renaissancemotiven von den Sch\u00fcler*innen selbst hergestellt. <\/span><\/span><\/p>\nngg_shortcode_2_placeholder\n<p class=\"western\"><span style=\"font-family: Arial, serif;\"><span style=\"font-size: medium;\">Selbstverst\u00e4ndlich lie\u00dfen es sich die Sch\u00fcler*innen nicht nehmen und verfassten eine Geschichte anhand ihrer Fliesen:<\/span><\/span><\/p>\n<a href=\"https:\/\/nmsorth.ac.at\/wp-content\/uploads\/2023\/10\/FLIESEN_Geschichte-1.pdf\" class=\"pdfemb-viewer\" style=\"\" data-width=\"max\" data-height=\"max\" data-toolbar=\"bottom\" data-toolbar-fixed=\"off\">FLIESEN_Geschichte<\/a>\n<p>&nbsp;<\/p>\n<p><span style=\"font-family: arial, helvetica, sans-serif; font-size: 12pt;\">Liebevoll wurde der Garten fast ein Jahrzehnt gepflegt.<\/span><\/p>\nngg_shortcode_3_placeholder\n<p class=\"western\"><span style=\"font-family: Arial, serif;\"><span style=\"font-size: medium;\"><b>Weiterf\u00fchrung<\/b><\/span><\/span><\/p>\n<p class=\"western\"><span style=\"font-family: Arial, serif;\"><span style=\"font-size: medium;\">Nachdem der Garten zur G\u00e4nze dem Zubau im Jahr 2021 weichen musste, erfuhr das Projekt eine Wiederbelebung in einer v\u00f6llig neuen Form: Das Zitat von Urbar aus dem Jahr 1568 sowie die Terrakottafliesen k\u00f6nnen nun an der Wand betrachtet werden und bilden die Grenzpunkte, dazwischen wird bald eine Auswahl der urspr\u00fcnglich gesetzten Pflanzen im Hochbeet wiederzufinden sein.<\/span><\/span><\/p>\n","protected":false},"excerpt":{"rendered":"<p>Ein Renaissancegarten \u201dZitat\u201d In Kooperation mit dem museumORTH verwirklichten im Schuljahr 2012 Sch\u00fcler*innen der Mittelschule Orth\/D. ein Gartenprojekt, das einen direkten Zugang zum nachbarschaftlichen Schlosskomplex und zu kulturgeschichtlichen Vorg\u00e4ngen vor rund 500 Jahren er\u00f6ffnen sollte. &nbsp; Historischer Hintergrund In die fast vergessene Bl\u00fctezeit des Orther Schlosses (ab 1520 im Besitz von Niklas Graf Salm I.&hellip;<\/p>\n","protected":false},"author":7,"featured_media":0,"parent":0,"menu_order":0,"comment_status":"closed","ping_status":"closed","template":"","meta":{"ngg_post_thumbnail":0,"footnotes":""},"class_list":["post-8887","page","type-page","status-publish","hentry","description-off"],"_links":{"self":[{"href":"https:\/\/nmsorth.ac.at\/index.php?rest_route=\/wp\/v2\/pages\/8887","targetHints":{"allow":["GET"]}}],"collection":[{"href":"https:\/\/nmsorth.ac.at\/index.php?rest_route=\/wp\/v2\/pages"}],"about":[{"href":"https:\/\/nmsorth.ac.at\/index.php?rest_route=\/wp\/v2\/types\/page"}],"author":[{"embeddable":true,"href":"https:\/\/nmsorth.ac.at\/index.php?rest_route=\/wp\/v2\/users\/7"}],"replies":[{"embeddable":true,"href":"https:\/\/nmsorth.ac.at\/index.php?rest_route=%2Fwp%2Fv2%2Fcomments&post=8887"}],"version-history":[{"count":13,"href":"https:\/\/nmsorth.ac.at\/index.php?rest_route=\/wp\/v2\/pages\/8887\/revisions"}],"predecessor-version":[{"id":9082,"href":"https:\/\/nmsorth.ac.at\/index.php?rest_route=\/wp\/v2\/pages\/8887\/revisions\/9082"}],"wp:attachment":[{"href":"https:\/\/nmsorth.ac.at\/index.php?rest_route=%2Fwp%2Fv2%2Fmedia&parent=8887"}],"curies":[{"name":"wp","href":"https:\/\/api.w.org\/{rel}","templated":true}]}}