{"id":8893,"date":"2023-09-23T13:56:01","date_gmt":"2023-09-23T13:56:01","guid":{"rendered":"https:\/\/nmsorth.ac.at\/?page_id=8893"},"modified":"2023-09-23T14:17:18","modified_gmt":"2023-09-23T14:17:18","slug":"projekte","status":"publish","type":"page","link":"https:\/\/nmsorth.ac.at\/?page_id=8893","title":{"rendered":"Projekte"},"content":{"rendered":"<p>Immer wieder wird an kleineren oder gr\u00f6\u00dferen Projekten gearbeitet.<\/p>\n<p>Die Themen sind extrem vielf\u00e4ltig, je nach Interesse unserer Sch\u00fcler*innen.<\/p>\n<p>Dabei entstehen immer wieder gro\u00dfartige Ergebnisse.<\/p>\n<p>&nbsp;<\/p>\n<p>Eine kleine Auswahl pr\u00e4sentieren wir hier auf unserer Homepage.<\/p>\n","protected":false},"excerpt":{"rendered":"<p>Immer wieder wird an kleineren oder gr\u00f6\u00dferen Projekten gearbeitet. Die Themen sind extrem vielf\u00e4ltig, je nach Interesse unserer Sch\u00fcler*innen. Dabei entstehen immer wieder gro\u00dfartige Ergebnisse. &nbsp; Eine kleine Auswahl pr\u00e4sentieren wir hier auf unserer Homepage.<\/p>\n","protected":false},"author":7,"featured_media":0,"parent":0,"menu_order":0,"comment_status":"closed","ping_status":"closed","template":"","meta":{"ngg_post_thumbnail":0,"footnotes":""},"class_list":["post-8893","page","type-page","status-publish","hentry","description-off"],"_links":{"self":[{"href":"https:\/\/nmsorth.ac.at\/index.php?rest_route=\/wp\/v2\/pages\/8893","targetHints":{"allow":["GET"]}}],"collection":[{"href":"https:\/\/nmsorth.ac.at\/index.php?rest_route=\/wp\/v2\/pages"}],"about":[{"href":"https:\/\/nmsorth.ac.at\/index.php?rest_route=\/wp\/v2\/types\/page"}],"author":[{"embeddable":true,"href":"https:\/\/nmsorth.ac.at\/index.php?rest_route=\/wp\/v2\/users\/7"}],"replies":[{"embeddable":true,"href":"https:\/\/nmsorth.ac.at\/index.php?rest_route=%2Fwp%2Fv2%2Fcomments&post=8893"}],"version-history":[{"count":2,"href":"https:\/\/nmsorth.ac.at\/index.php?rest_route=\/wp\/v2\/pages\/8893\/revisions"}],"predecessor-version":[{"id":8914,"href":"https:\/\/nmsorth.ac.at\/index.php?rest_route=\/wp\/v2\/pages\/8893\/revisions\/8914"}],"wp:attachment":[{"href":"https:\/\/nmsorth.ac.at\/index.php?rest_route=%2Fwp%2Fv2%2Fmedia&parent=8893"}],"curies":[{"name":"wp","href":"https:\/\/api.w.org\/{rel}","templated":true}]}}