{"id":8909,"date":"2023-09-23T14:11:35","date_gmt":"2023-09-23T14:11:35","guid":{"rendered":"https:\/\/nmsorth.ac.at\/?page_id=8909"},"modified":"2025-05-13T10:22:23","modified_gmt":"2025-05-13T10:22:23","slug":"schlossgeschichte-actionbound-app","status":"publish","type":"page","link":"https:\/\/nmsorth.ac.at\/?page_id=8909","title":{"rendered":"Schlossgeschichte-Actionbound-App"},"content":{"rendered":"<p><span style=\"font-family: arial, helvetica, sans-serif; font-size: 12pt;\">Wir freuen uns, dass unser gemeinsames Projekt <span style=\"color: #cc1d1d;\"><strong>SCHLOSSGESCHICHTE-ACTIONBOUND<\/strong> <\/span>mit dem museumORTH als Kulturpartner und der N\u00d6 Informatik MS Orth a. d. Donau im Rahmen der Initiative &#8222;culture connected&#8220; des Bundesministeriums fu\u0308r Bildung, Wissenschaft und Forschung von der Jury im Schuljahr 2022\/23 ausgew\u00e4hlt wurde.<\/span><\/p>\n<p><span style=\"font-family: arial, helvetica, sans-serif; font-size: 12pt;\">Unter dem Titel <span style=\"color: #cc1d1d;\"><strong>SCHLOSSGESCHICHTE-ACTIONBOUND<\/strong><\/span> f\u00fchren wir die historische Verbindung des Schulareals als ehemaliger \u201eLustgarten\u201c von Schloss Orth an der Donau als langfristiges Nachbarschaftsprojekt fort. Wir entwickeln eine Handy-App und mittels QR-Code sollen einzelne Wissensstationen im Schloss als Basis benutzt werden, die wie bei einer virtuellen &#8222;Schnitzeljagd&#8220; mit Aufgaben (z.B. ein Foto\/Video machen, einen Ort finden oder Quizfragen) verbunden ist.<\/span><\/p>\n<p><span style=\"font-family: arial, helvetica, sans-serif; font-size: 12pt;\">Die \u00f6ffentliche Pr\u00e4sentation der <span style=\"color: #cc1d1d;\"><strong>SCHLOSSGESCHICHTE-ACTIONBOUND<\/strong><\/span> App erfolgte im Rahmen des N\u00d6-Museumsfr\u00fchlings am <span style=\"color: #cc1d1d;\">26. Mai 2023 <\/span>im museumORTH gemeinsam mit den Sch\u00fcler*innen als Guides.<\/span><\/p>\n<p><span style=\"font-family: arial, helvetica, sans-serif; font-size: 12pt;\">Besonders freute uns, dass die Abgeordnete zum Nationalrat Angela Baumgartner in Vertretung von Landeshauptfrau Johanna Mikl-Leitner die virtuelle Schnitzeljagd er\u00f6ffnete, sowie die Gru\u00dfworte unserer Schulgemeindeobfrau und B\u00fcrgermeisterin von Orth\/D. Elisabeth Wagnes. Im Anschluss wurde die App sogleich erprobt und neben Frau Baumgartner und Frau Wagnes, hatten Frau Linke vom Museumsmanagement, B\u00fcrgermeister Thomas Miksch, Vizeb\u00fcrgermeister Josef Drabits, zahlreiche Gemeinder\u00e4te der Gemeinde Orth\/D. und die Volksschuldirektorin Maria Ploch-Radl viel Freude beim Ausprobieren.<\/span><\/p>\n<p>ngg_shortcode_0_placeholder<a href=\"https:\/\/nmsorth.ac.at\/wp-content\/uploads\/2023\/05\/museumORTH_Actionbound_web.pdf\" class=\"pdfemb-viewer\" style=\"\" data-width=\"max\" data-height=\"max\" data-toolbar=\"bottom\" data-toolbar-fixed=\"off\">museumORTH_Actionbound_web<\/a><\/p>\n","protected":false},"excerpt":{"rendered":"<p>Wir freuen uns, dass unser gemeinsames Projekt SCHLOSSGESCHICHTE-ACTIONBOUND mit dem museumORTH als Kulturpartner und der N\u00d6 Informatik MS Orth a. d. Donau im Rahmen der Initiative &#8222;culture connected&#8220; des Bundesministeriums fu\u0308r Bildung, Wissenschaft und Forschung von der Jury im Schuljahr 2022\/23 ausgew\u00e4hlt wurde. Unter dem Titel SCHLOSSGESCHICHTE-ACTIONBOUND f\u00fchren wir die historische Verbindung des Schulareals als&hellip;<\/p>\n","protected":false},"author":7,"featured_media":0,"parent":0,"menu_order":0,"comment_status":"closed","ping_status":"closed","template":"","meta":{"ngg_post_thumbnail":0,"footnotes":""},"class_list":["post-8909","page","type-page","status-publish","hentry","description-off"],"_links":{"self":[{"href":"https:\/\/nmsorth.ac.at\/index.php?rest_route=\/wp\/v2\/pages\/8909","targetHints":{"allow":["GET"]}}],"collection":[{"href":"https:\/\/nmsorth.ac.at\/index.php?rest_route=\/wp\/v2\/pages"}],"about":[{"href":"https:\/\/nmsorth.ac.at\/index.php?rest_route=\/wp\/v2\/types\/page"}],"author":[{"embeddable":true,"href":"https:\/\/nmsorth.ac.at\/index.php?rest_route=\/wp\/v2\/users\/7"}],"replies":[{"embeddable":true,"href":"https:\/\/nmsorth.ac.at\/index.php?rest_route=%2Fwp%2Fv2%2Fcomments&post=8909"}],"version-history":[{"count":4,"href":"https:\/\/nmsorth.ac.at\/index.php?rest_route=\/wp\/v2\/pages\/8909\/revisions"}],"predecessor-version":[{"id":11928,"href":"https:\/\/nmsorth.ac.at\/index.php?rest_route=\/wp\/v2\/pages\/8909\/revisions\/11928"}],"wp:attachment":[{"href":"https:\/\/nmsorth.ac.at\/index.php?rest_route=%2Fwp%2Fv2%2Fmedia&parent=8909"}],"curies":[{"name":"wp","href":"https:\/\/api.w.org\/{rel}","templated":true}]}}