{"id":9134,"date":"2023-11-07T08:40:20","date_gmt":"2023-11-07T08:40:20","guid":{"rendered":"https:\/\/nmsorth.ac.at\/?page_id=9134"},"modified":"2023-11-07T08:44:59","modified_gmt":"2023-11-07T08:44:59","slug":"supportseite-schulnotebooks","status":"publish","type":"page","link":"https:\/\/nmsorth.ac.at\/?page_id=9134","title":{"rendered":"Supportseite Schulnotebooks"},"content":{"rendered":"<p>Ger\u00e4te Initiative:<\/p>\n<p>F\u00fcr Hilfestellungen zu Probleml\u00f6sung, Garantiefall oder Reparatur der Lenovo Notebooks auf nachfolgenden Link klicken:<\/p>\n<p><a href=\"https:\/\/lenovo.cancom.at\/schulnotebooks\/\">Supportseite der Lenovo Schulnotebooks<\/a><\/p>\n","protected":false},"excerpt":{"rendered":"<p>Ger\u00e4te Initiative: F\u00fcr Hilfestellungen zu Probleml\u00f6sung, Garantiefall oder Reparatur der Lenovo Notebooks auf nachfolgenden Link klicken: Supportseite der Lenovo Schulnotebooks<\/p>\n","protected":false},"author":7,"featured_media":0,"parent":0,"menu_order":0,"comment_status":"closed","ping_status":"closed","template":"","meta":{"ngg_post_thumbnail":0,"footnotes":""},"class_list":["post-9134","page","type-page","status-publish","hentry","description-off"],"_links":{"self":[{"href":"https:\/\/nmsorth.ac.at\/index.php?rest_route=\/wp\/v2\/pages\/9134","targetHints":{"allow":["GET"]}}],"collection":[{"href":"https:\/\/nmsorth.ac.at\/index.php?rest_route=\/wp\/v2\/pages"}],"about":[{"href":"https:\/\/nmsorth.ac.at\/index.php?rest_route=\/wp\/v2\/types\/page"}],"author":[{"embeddable":true,"href":"https:\/\/nmsorth.ac.at\/index.php?rest_route=\/wp\/v2\/users\/7"}],"replies":[{"embeddable":true,"href":"https:\/\/nmsorth.ac.at\/index.php?rest_route=%2Fwp%2Fv2%2Fcomments&post=9134"}],"version-history":[{"count":3,"href":"https:\/\/nmsorth.ac.at\/index.php?rest_route=\/wp\/v2\/pages\/9134\/revisions"}],"predecessor-version":[{"id":9138,"href":"https:\/\/nmsorth.ac.at\/index.php?rest_route=\/wp\/v2\/pages\/9134\/revisions\/9138"}],"wp:attachment":[{"href":"https:\/\/nmsorth.ac.at\/index.php?rest_route=%2Fwp%2Fv2%2Fmedia&parent=9134"}],"curies":[{"name":"wp","href":"https:\/\/api.w.org\/{rel}","templated":true}]}}