{"id":9636,"date":"2024-02-20T10:16:40","date_gmt":"2024-02-20T10:16:40","guid":{"rendered":"https:\/\/nmsorth.ac.at\/?page_id=9636"},"modified":"2025-04-09T05:38:57","modified_gmt":"2025-04-09T05:38:57","slug":"ibm-imsorth-d-podcast","status":"publish","type":"page","link":"https:\/\/nmsorth.ac.at\/?page_id=9636","title":{"rendered":"IBM &#8222;IMSOrth\/D. PodCast&#8220;"},"content":{"rendered":"<p><span style=\"font-size: 14pt;\"><strong><span style=\"color: #ff9900;\">NEU ab dem SJ 2024\/25!!!<\/span><\/strong><\/span><\/p>\n<p>Sch\u00fcler*innen machen Medien! Technik trifft Kreativit\u00e4t!<\/p>\n<p>Ob hinter dem Mikro, am Mischpult, am Schneidetisch oder hinter der Kamera (f\u00fcr die eine oder andere Videoepisode), als kreativer Kopf und\/oder Redakteur*in der Sendung, f\u00fcr jeden und jede ist etwas dabei um seine Talente einzusetzen oder zu entdecken.<\/p>\n<p>Was interessiert uns? Wir reden dar\u00fcber!<\/p>\n<p>Die IMSOrth\/D. geht auf Sendung und du kannst dabei sein!<\/p>\n<p><img loading=\"lazy\" decoding=\"async\" class=\"size-full wp-image-9637 aligncenter\" src=\"https:\/\/nmsorth.ac.at\/wp-content\/uploads\/2024\/02\/Podcast.png\" alt=\"\" width=\"264\" height=\"264\" srcset=\"https:\/\/nmsorth.ac.at\/wp-content\/uploads\/2024\/02\/Podcast.png 264w, https:\/\/nmsorth.ac.at\/wp-content\/uploads\/2024\/02\/Podcast-150x150.png 150w\" sizes=\"auto, (max-width: 264px) 100vw, 264px\" \/><\/p>\n<p>&nbsp;<\/p>\n<p>Interview mit einem besonderen Gast zum Thema &#8222;Schule&#8220;<\/p>\n<!--[if lt IE 9]><script>document.createElement('audio');<\/script><![endif]-->\n<audio class=\"wp-audio-shortcode\" id=\"audio-9636-1\" preload=\"none\" style=\"width: 100%;\" controls=\"controls\"><source type=\"audio\/mpeg\" src=\"https:\/\/nmsorth.ac.at\/wp-content\/uploads\/2025\/04\/Interview-Lia-Oma_final.mp3?_=1\" \/><a href=\"https:\/\/nmsorth.ac.at\/wp-content\/uploads\/2025\/04\/Interview-Lia-Oma_final.mp3\">https:\/\/nmsorth.ac.at\/wp-content\/uploads\/2025\/04\/Interview-Lia-Oma_final.mp3<\/a><\/audio>\n<p>Interview Hr. FL Seiter<\/p>\n<audio class=\"wp-audio-shortcode\" id=\"audio-9636-2\" preload=\"none\" style=\"width: 100%;\" controls=\"controls\"><source type=\"audio\/mpeg\" src=\"https:\/\/nmsorth.ac.at\/wp-content\/uploads\/2025\/04\/Episode_Interview-Herr-Seiter_final.mp3?_=2\" \/><a href=\"https:\/\/nmsorth.ac.at\/wp-content\/uploads\/2025\/04\/Episode_Interview-Herr-Seiter_final.mp3\">https:\/\/nmsorth.ac.at\/wp-content\/uploads\/2025\/04\/Episode_Interview-Herr-Seiter_final.mp3<\/a><\/audio>\n<p>Interview Fr. FL Homola<\/p>\n<audio class=\"wp-audio-shortcode\" id=\"audio-9636-3\" preload=\"none\" style=\"width: 100%;\" controls=\"controls\"><source type=\"audio\/mpeg\" src=\"https:\/\/nmsorth.ac.at\/wp-content\/uploads\/2025\/04\/Episode_Interview_Frau-Homola.mp3?_=3\" \/><a href=\"https:\/\/nmsorth.ac.at\/wp-content\/uploads\/2025\/04\/Episode_Interview_Frau-Homola.mp3\">https:\/\/nmsorth.ac.at\/wp-content\/uploads\/2025\/04\/Episode_Interview_Frau-Homola.mp3<\/a><\/audio>\n<p>Interview Fr. FL Mousa<\/p>\n<audio class=\"wp-audio-shortcode\" id=\"audio-9636-4\" preload=\"none\" style=\"width: 100%;\" controls=\"controls\"><source type=\"audio\/mpeg\" src=\"https:\/\/nmsorth.ac.at\/wp-content\/uploads\/2025\/04\/Episode_Interview_Frau-Mousa.mp3?_=4\" \/><a href=\"https:\/\/nmsorth.ac.at\/wp-content\/uploads\/2025\/04\/Episode_Interview_Frau-Mousa.mp3\">https:\/\/nmsorth.ac.at\/wp-content\/uploads\/2025\/04\/Episode_Interview_Frau-Mousa.mp3<\/a><\/audio>\n<p>Interview Fr. FL Stocker<\/p>\n<audio class=\"wp-audio-shortcode\" id=\"audio-9636-5\" preload=\"none\" style=\"width: 100%;\" controls=\"controls\"><source type=\"audio\/mpeg\" src=\"https:\/\/nmsorth.ac.at\/wp-content\/uploads\/2025\/04\/Episode_Interview_Frau-Stocker.mp3?_=5\" \/><a href=\"https:\/\/nmsorth.ac.at\/wp-content\/uploads\/2025\/04\/Episode_Interview_Frau-Stocker.mp3\">https:\/\/nmsorth.ac.at\/wp-content\/uploads\/2025\/04\/Episode_Interview_Frau-Stocker.mp3<\/a><\/audio>\n<p>Folge 2 + 3 &#8211; Videospiele<\/p>\n<audio class=\"wp-audio-shortcode\" id=\"audio-9636-6\" preload=\"none\" style=\"width: 100%;\" controls=\"controls\"><source type=\"audio\/mpeg\" src=\"https:\/\/nmsorth.ac.at\/wp-content\/uploads\/2025\/04\/Folge-02_Videospiele.mp3?_=6\" \/><a href=\"https:\/\/nmsorth.ac.at\/wp-content\/uploads\/2025\/04\/Folge-02_Videospiele.mp3\">https:\/\/nmsorth.ac.at\/wp-content\/uploads\/2025\/04\/Folge-02_Videospiele.mp3<\/a><\/audio>\n<audio class=\"wp-audio-shortcode\" id=\"audio-9636-7\" preload=\"none\" style=\"width: 100%;\" controls=\"controls\"><source type=\"audio\/mpeg\" src=\"https:\/\/nmsorth.ac.at\/wp-content\/uploads\/2025\/04\/Folge-03_Videospiele.mp3?_=7\" \/><a href=\"https:\/\/nmsorth.ac.at\/wp-content\/uploads\/2025\/04\/Folge-03_Videospiele.mp3\">https:\/\/nmsorth.ac.at\/wp-content\/uploads\/2025\/04\/Folge-03_Videospiele.mp3<\/a><\/audio>\n<p>Folge 1 &#8211; Wasserschule<\/p>\n<audio class=\"wp-audio-shortcode\" id=\"audio-9636-8\" preload=\"none\" style=\"width: 100%;\" controls=\"controls\"><source type=\"audio\/mpeg\" src=\"https:\/\/nmsorth.ac.at\/wp-content\/uploads\/2024\/10\/Folge-01_Wasserschule-mit-Trailer.mp3?_=8\" \/><a href=\"https:\/\/nmsorth.ac.at\/wp-content\/uploads\/2024\/10\/Folge-01_Wasserschule-mit-Trailer.mp3\">https:\/\/nmsorth.ac.at\/wp-content\/uploads\/2024\/10\/Folge-01_Wasserschule-mit-Trailer.mp3<\/a><\/audio>\n","protected":false},"excerpt":{"rendered":"<p>NEU ab dem SJ 2024\/25!!! Sch\u00fcler*innen machen Medien! Technik trifft Kreativit\u00e4t! Ob hinter dem Mikro, am Mischpult, am Schneidetisch oder hinter der Kamera (f\u00fcr die eine oder andere Videoepisode), als kreativer Kopf und\/oder Redakteur*in der Sendung, f\u00fcr jeden und jede ist etwas dabei um seine Talente einzusetzen oder zu entdecken. Was interessiert uns? Wir reden&hellip;<\/p>\n","protected":false},"author":7,"featured_media":0,"parent":5592,"menu_order":0,"comment_status":"closed","ping_status":"closed","template":"","meta":{"ngg_post_thumbnail":0,"footnotes":""},"class_list":["post-9636","page","type-page","status-publish","hentry","description-off"],"_links":{"self":[{"href":"https:\/\/nmsorth.ac.at\/index.php?rest_route=\/wp\/v2\/pages\/9636","targetHints":{"allow":["GET"]}}],"collection":[{"href":"https:\/\/nmsorth.ac.at\/index.php?rest_route=\/wp\/v2\/pages"}],"about":[{"href":"https:\/\/nmsorth.ac.at\/index.php?rest_route=\/wp\/v2\/types\/page"}],"author":[{"embeddable":true,"href":"https:\/\/nmsorth.ac.at\/index.php?rest_route=\/wp\/v2\/users\/7"}],"replies":[{"embeddable":true,"href":"https:\/\/nmsorth.ac.at\/index.php?rest_route=%2Fwp%2Fv2%2Fcomments&post=9636"}],"version-history":[{"count":4,"href":"https:\/\/nmsorth.ac.at\/index.php?rest_route=\/wp\/v2\/pages\/9636\/revisions"}],"predecessor-version":[{"id":11824,"href":"https:\/\/nmsorth.ac.at\/index.php?rest_route=\/wp\/v2\/pages\/9636\/revisions\/11824"}],"up":[{"embeddable":true,"href":"https:\/\/nmsorth.ac.at\/index.php?rest_route=\/wp\/v2\/pages\/5592"}],"wp:attachment":[{"href":"https:\/\/nmsorth.ac.at\/index.php?rest_route=%2Fwp%2Fv2%2Fmedia&parent=9636"}],"curies":[{"name":"wp","href":"https:\/\/api.w.org\/{rel}","templated":true}]}}